{"id":1206,"date":"2017-09-27T23:12:27","date_gmt":"2017-09-27T23:12:27","guid":{"rendered":"https:\/\/www.grupodg.pt?page_id=1206"},"modified":"2024-02-19T16:17:37","modified_gmt":"2024-02-19T16:17:37","slug":"servicios","status":"publish","type":"page","link":"https:\/\/www.grupodg.pt\/es\/servicios","title":{"rendered":"Services"},"content":{"rendered":"<div class=\"wpb-content-wrapper\"><p>[vc_row anchor=\u00bbintro\u00bb dfd_bg_style=\u00bbimage\u00bb dfd_bg_image_new=\u00bb697&#8243; dfd_bg_image_repeat=\u00bbno-repeat\u00bb][vc_column width=\u00bb2\/3&#8243; css=\u00bb.vc_custom_1499247367505{padding-right: 2% !important;padding-left: 2% !important;}\u00bb col_shadow=\u00bbbox_shadow_enable:disable|shadow_horizontal:0|shadow_vertical:15|shadow_blur:50|shadow_spread:0|box_shadow_color:rgba(0%2C0%2C0%2C0.35)\u00bb col_shadow_hover=\u00bbbox_shadow_enable:disable|shadow_horizontal:0|shadow_vertical:15|shadow_blur:50|shadow_spread:0|box_shadow_color:rgba(0%2C0%2C0%2C0.35)\u00bb][dfd_heading subtitle=\u00bb\u00bb content_alignment=\u00bbtext-left\u00bb module_animation=\u00bbtransition.slideLeftBigIn\u00bb enable_delimiter=\u00bb\u00bb undefined=\u00bb\u00bb title_font_options=\u00bbtag:h2|color:%23ffffff\u00bb subtitle_font_options=\u00bbtag:div|color:%23ffffff\u00bb]<em class=\"dfd-textmodule-featured-decoration\">Dise\u00f1amos, desarrollamos<br \/>\ne instalamos <\/em> Servicios integrados[\/dfd_heading][dfd_spacer screen_wide_spacer_size=\u00bb20&#8243; screen_normal_resolution=\u00bb1024&#8243; screen_tablet_resolution=\u00bb800&#8243; screen_mobile_resolution=\u00bb480&#8243;][dfd_animated_text style=\u00bbtyped\u00bb module_animation=\u00bbtransition.slideLeftBigIn\u00bb prefix=\u00bb\u00bb text_fields=\u00bb%5B%7B%22text_field%22%3A%22Electricidad%22%2C%22text_field_color%22%3A%22%23272727%22%2C%22text_field_background%22%3A%22%23ffffff%22%7D%2C%7B%22text_field%22%3A%22AVAC%22%2C%22text_field_color%22%3A%22%23272727%22%2C%22text_field_background%22%3A%22%23ffffff%22%7D%2C%7B%22text_field%22%3A%22Hidr%C3%A1ulica%22%2C%22text_field_color%22%3A%22%23272727%22%2C%22text_field_background%22%3A%22%23ffffff%22%7D%2C%7B%22text_field%22%3A%22Energ%C3%ADas%20Renovables%22%2C%22text_field_color%22%3A%22%23272727%22%2C%22text_field_background%22%3A%22%23ffffff%22%7D%2C%7B%22text_field%22%3A%22Dom%C3%B3tica%22%2C%22text_field_color%22%3A%22%23272727%22%2C%22text_field_background%22%3A%22%23ffffff%22%7D%2C%7B%22text_field%22%3A%22Trading%22%2C%22text_field_color%22%3A%22%23272727%22%2C%22text_field_background%22%3A%22%23ffffff%22%7D%2C%7B%22text_field%22%3A%22Mantenimiento%22%2C%22text_field_color%22%3A%22%23272727%22%2C%22text_field_background%22%3A%22%23ffffff%22%7D%2C%7B%22text_field%22%3A%22Seguridad%22%2C%22text_field_color%22%3A%22%23272727%22%2C%22text_field_background%22%3A%22%23ffffff%22%7D%5D\u00bb postfix=\u00bb\u00bb el_class=\u00bbtextanimate\u00bb prefix_color=\u00bb#ffffff\u00bb postfix_color=\u00bb#ffffff\u00bb][\/vc_column][vc_column width=\u00bb1\/3&#8243;][\/vc_column][\/vc_row][vc_row anchor=\u00bbconstruccion\u00bb dfd_bg_style=\u00bbimage\u00bb dfd_bg_image_new=\u00bb7783&#8243; dfd_bg_image_repeat=\u00bbno-repeat\u00bb dfd_enable_overlay=\u00bbyes\u00bb dfd_overlay_color=\u00bb#0a0a0a\u00bb dfd_overlay_pattern_opacity=\u00bb20&#8243;][vc_column width=\u00bb2\/3&#8243;][dfd_heading subtitle=\u00bb\u00bb content_alignment=\u00bbtext-left\u00bb module_animation=\u00bbtransition.slideLeftBigIn\u00bb enable_delimiter=\u00bb\u00bb undefined=\u00bb\u00bb title_font_options=\u00bbtag:h2|color:%23ffffff\u00bb subtitle_font_options=\u00bbtag:div|color:%23ffffff\u00bb]Construcci\u00f3n<br \/>\n<em class=\"dfd-textmodule-featured-decoration\">Construcci\u00f3n civil<br \/>\nObras p\u00fablicas<\/em><br \/>\n[\/dfd_heading][dfd_spacer screen_wide_spacer_size=\u00bb20&#8243; screen_normal_resolution=\u00bb1024&#8243; screen_tablet_resolution=\u00bb800&#8243; screen_mobile_resolution=\u00bb480&#8243;][vc_column_text item_animation=\u00bbtransition.slideLeftBigIn\u00bb]<span style=\"color: #ffffff;\">Somos una empresa con m\u00e1s de 20 a\u00f1os de experiencia en las diversas \u00e1reas de la construcci\u00f3n civil y obras p\u00fablicas, en los que seguimos las demandas del mercado de apuestas en la competitividad.<\/span>[\/vc_column_text][\/vc_column][vc_column width=\u00bb1\/3&#8243;][\/vc_column][\/vc_row][vc_row anchor=\u00bbinfrae\u00bb dfd_bg_style=\u00bbimage\u00bb dfd_bg_image_new=\u00bb8039&#8243; dfd_bg_image_repeat=\u00bbno-repeat\u00bb dfd_bg_image_position=\u00bbcenter center\u00bb dfd_enable_overlay=\u00bbyes\u00bb dfd_overlay_color=\u00bb#000000&#8243; dfd_overlay_pattern_opacity=\u00bb30&#8243;][vc_column width=\u00bb2\/3&#8243;][dfd_heading subtitle=\u00bb\u00bb content_alignment=\u00bbtext-left\u00bb module_animation=\u00bbtransition.slideLeftBigIn\u00bb enable_delimiter=\u00bb\u00bb undefined=\u00bb\u00bb title_font_options=\u00bbtag:h2|color:%23ffffff\u00bb subtitle_font_options=\u00bbtag:div|color:%23ffffff\u00bb]Infraestructuras[\/dfd_heading][dfd_spacer screen_wide_spacer_size=\u00bb20&#8243; screen_normal_resolution=\u00bb1024&#8243; screen_tablet_resolution=\u00bb800&#8243; screen_mobile_resolution=\u00bb480&#8243;][vc_column_text item_animation=\u00bbtransition.slideLeftBigIn\u00bb]<span style=\"color: #ffffff;\">La movilidad sostenible es un requisito fundamental para el desarrollo urbano. De esta forma, somos capaces de ofrecer una amplia gama de soluciones integradas de transporte urbano, transporte interurbano y movilidad log\u00edstica.<\/span>[\/vc_column_text][\/vc_column][vc_column width=\u00bb1\/3&#8243;][\/vc_column][\/vc_row][vc_row anchor=\u00bbelectricidad\u00bb dfd_bg_style=\u00bbimage\u00bb dfd_bg_image_new=\u00bb7768&#8243; dfd_bg_image_repeat=\u00bbno-repeat\u00bb dfd_enable_overlay=\u00bbyes\u00bb dfd_overlay_color=\u00bb#0c0c0c\u00bb dfd_overlay_pattern_opacity=\u00bb30&#8243;][vc_column width=\u00bb2\/3&#8243;][dfd_heading subtitle=\u00bb\u00bb content_alignment=\u00bbtext-left\u00bb module_animation=\u00bbtransition.slideLeftBigIn\u00bb enable_delimiter=\u00bb\u00bb undefined=\u00bb\u00bb title_font_options=\u00bbtag:h2|color:%23ffffff\u00bb subtitle_font_options=\u00bbtag:div|color:%23ffffff\u00bb]Electricidad<br \/>\n<em class=\"dfd-textmodule-featured-decoration\">Instalaciones el\u00e9ctricas<br \/>\nBaja tensi\u00f3n<br \/>\nMedia tensi\u00f3n<\/em><br \/>\n[\/dfd_heading][dfd_spacer screen_wide_spacer_size=\u00bb20&#8243; screen_normal_resolution=\u00bb1024&#8243; screen_tablet_resolution=\u00bb800&#8243; screen_mobile_resolution=\u00bb480&#8243;][vc_column_text item_animation=\u00bbtransition.slideLeftBigIn\u00bb]<span style=\"color: #ffffff;\">Proporcionamos instalaciones de baja y media tensi\u00f3n y automatizaci\u00f3n industrial. Analizamos la calidad de la energ\u00eda en todas las \u00e1reas en las que se hace un uso extendido de m\u00e1quinas el\u00e9ctricas e iluminaci\u00f3n entre numerosos y diversos equipos el\u00e9ctricos.<\/span><\/p>\n<p>[\/vc_column_text][\/vc_column][vc_column width=\u00bb1\/3&#8243;][\/vc_column][\/vc_row][vc_row anchor=\u00bbAVAC\u00bb dfd_bg_style=\u00bbimage\u00bb dfd_bg_image_new=\u00bb7734&#8243; dfd_bg_image_repeat=\u00bbno-repeat\u00bb dfd_enable_overlay=\u00bbyes\u00bb dfd_overlay_color=\u00bb#0a0a0a\u00bb dfd_overlay_pattern_opacity=\u00bb45&#8243;][vc_column width=\u00bb2\/3&#8243;][dfd_heading subtitle=\u00bb\u00bb content_alignment=\u00bbtext-left\u00bb module_animation=\u00bbtransition.slideLeftBigIn\u00bb enable_delimiter=\u00bb\u00bb undefined=\u00bb\u00bb title_font_options=\u00bbtag:h2|color:%23ffffff\u00bb subtitle_font_options=\u00bbtag:div|color:%23ffffff\u00bb]AVAC<br \/>\n<em class=\"dfd-textmodule-featured-decoration\">Calefacci\u00f3n<br \/>\nVentilaci\u00f3n<br \/>\nAire Acondicionado<\/em>[\/dfd_heading][dfd_spacer screen_wide_spacer_size=\u00bb20&#8243; screen_normal_resolution=\u00bb1024&#8243; screen_tablet_resolution=\u00bb800&#8243; screen_mobile_resolution=\u00bb480&#8243;][vc_column_text item_animation=\u00bbtransition.slideLeftBigIn\u00bb]<span style=\"color: #ffffff;\">Calefacci\u00f3n, ventilaci\u00f3n y aire acondicionado que permiten controlar los valores m\u00ednimos de temperatura y humedad relativa m\u00e1xima y la calidad del aire interior. Los sistemas pueden ser de varios tipos, utilizando agua o aire como fluido t\u00e9rmico secundario y vali\u00e9ndose de diferentes fluidos o refrigerantes primarios.<\/span><\/p>\n<p>[\/vc_column_text][\/vc_column][vc_column width=\u00bb1\/3&#8243;][\/vc_column][\/vc_row][vc_row anchor=\u00bbhidr\u00e1ulica\u00bb dfd_bg_style=\u00bbimage\u00bb dfd_bg_image_new=\u00bb7738&#8243; dfd_bg_image_repeat=\u00bbno-repeat\u00bb dfd_enable_overlay=\u00bbyes\u00bb dfd_overlay_color=\u00bb#0a0a0a\u00bb dfd_overlay_pattern_opacity=\u00bb40&#8243;][vc_column width=\u00bb2\/3&#8243;][dfd_heading subtitle=\u00bb\u00bb content_alignment=\u00bbtext-left\u00bb module_animation=\u00bbtransition.slideLeftBigIn\u00bb enable_delimiter=\u00bb\u00bb undefined=\u00bb\u00bb title_font_options=\u00bbtag:h2|color:%23ffffff\u00bb subtitle_font_options=\u00bbtag:div|color:%23ffffff\u00bb]Hidr\u00e1ulica<br \/>\n<em class=\"dfd-textmodule-featured-decoration\">Red contra incendios<br \/>\nSuministro de agua<br \/>\nRed de alcantarillas<br \/>\nETA<br \/>\nETAR<\/em><br \/>\n[\/dfd_heading][dfd_spacer screen_wide_spacer_size=\u00bb20&#8243; screen_normal_resolution=\u00bb1024&#8243; screen_tablet_resolution=\u00bb800&#8243; screen_mobile_resolution=\u00bb480&#8243;][vc_column_text item_animation=\u00bbtransition.slideLeftBigIn\u00bb]<span style=\"color: #ffffff;\">Redes de agua y alcantarillado; Art\u00edculos sanitarios; Instalaci\u00f3n de aislantes en techos; Aspiraci\u00f3n y calefacci\u00f3n central; Sistemas de riego autom\u00e1tico; Bombas de alimentaci\u00f3n, drenaje y contra incendios, Piscinas, sauna, ba\u00f1o turco y jacuzzi.<\/span>[\/vc_column_text][\/vc_column][vc_column width=\u00bb1\/3&#8243;][\/vc_column][\/vc_row][vc_row anchor=\u00bbenerg\u00edas renovables\u00bb dfd_bg_style=\u00bbimage\u00bb dfd_bg_image_new=\u00bb7742&#8243; dfd_bg_image_repeat=\u00bbno-repeat\u00bb dfd_enable_overlay=\u00bbyes\u00bb dfd_overlay_color=\u00bb#0a0a0a\u00bb dfd_overlay_pattern_opacity=\u00bb20&#8243;][vc_column width=\u00bb2\/3&#8243;][dfd_heading subtitle=\u00bb\u00bb content_alignment=\u00bbtext-left\u00bb module_animation=\u00bbtransition.slideLeftBigIn\u00bb enable_delimiter=\u00bb\u00bb undefined=\u00bb\u00bb title_font_options=\u00bbtag:h2|color:%23ffffff\u00bb subtitle_font_options=\u00bbtag:div|color:%23ffffff\u00bb]Energ\u00edas Renovables<br \/>\n<em class=\"dfd-textmodule-featured-decoration\">Paneles solares<br \/>\nE\u00f3lica<\/em><\/p>\n<p>[\/dfd_heading][dfd_spacer screen_wide_spacer_size=\u00bb20&#8243; screen_normal_resolution=\u00bb1024&#8243; screen_tablet_resolution=\u00bb800&#8243; screen_mobile_resolution=\u00bb480&#8243;][vc_column_text item_animation=\u00bbtransition.slideLeftBigIn\u00bb]<span style=\"color: #ffffff;\">Somos responsables de la comercializaci\u00f3n e instalaci\u00f3n de equipos para fomentar el uso de energ\u00edas, renovables como la energ\u00eda solar y<br \/>\ne\u00f3lica, entre otras.<\/span>[\/vc_column_text][\/vc_column][vc_column width=\u00bb1\/3&#8243;][\/vc_column][\/vc_row][vc_row anchor=\u00bbdom\u00f3tica\u00bb dfd_bg_style=\u00bbimage\u00bb dfd_bg_image_new=\u00bb7763&#8243; dfd_bg_image_repeat=\u00bbno-repeat\u00bb dfd_enable_overlay=\u00bbyes\u00bb dfd_overlay_color=\u00bb#0a0a0a\u00bb dfd_overlay_pattern_opacity=\u00bb10&#8243;][vc_column width=\u00bb2\/3&#8243;][dfd_heading subtitle=\u00bb\u00bb content_alignment=\u00bbtext-left\u00bb module_animation=\u00bbtransition.slideLeftBigIn\u00bb enable_delimiter=\u00bb\u00bb undefined=\u00bb\u00bb title_font_options=\u00bbtag:h2|color:%23ffffff\u00bb subtitle_font_options=\u00bbtag:div|color:%23ffffff\u00bb]Dom\u00f3tica[\/dfd_heading][dfd_spacer screen_wide_spacer_size=\u00bb20&#8243; screen_normal_resolution=\u00bb1024&#8243; screen_tablet_resolution=\u00bb800&#8243; screen_mobile_resolution=\u00bb480&#8243;][vc_column_text item_animation=\u00bbtransition.slideLeftBigIn\u00bb]<span style=\"color: #ffffff;\">La dom\u00f3tica est\u00e1 dise\u00f1ada para simplificar su d\u00eda a d\u00eda, y hacer que las tareas m\u00e1s mon\u00f3tonas y aburridas se ejecuten autom\u00e1ticamente. Tambi\u00e9n hay disponible la tecnolog\u00eda necesaria para la instalaci\u00f3n de cine en casa.<\/span>[\/vc_column_text][\/vc_column][vc_column width=\u00bb1\/3&#8243;][\/vc_column][\/vc_row][vc_row anchor=\u00bbtrading\u00bb dfd_bg_style=\u00bbimage\u00bb dfd_bg_image_new=\u00bb7787&#8243; dfd_bg_image_repeat=\u00bbno-repeat\u00bb dfd_enable_overlay=\u00bbyes\u00bb dfd_overlay_color=\u00bb#000000&#8243; dfd_overlay_pattern_opacity=\u00bb40&#8243;][vc_column width=\u00bb2\/3&#8243;][dfd_heading subtitle=\u00bb\u00bb content_alignment=\u00bbtext-left\u00bb module_animation=\u00bbtransition.slideLeftBigIn\u00bb enable_delimiter=\u00bb\u00bb undefined=\u00bb\u00bb title_font_options=\u00bbtag:h2|color:%23ffffff\u00bb subtitle_font_options=\u00bbtag:div|color:%23ffffff\u00bb]Trading<br \/>\n<em class=\"dfd-textmodule-featured-decoration\">Importaci\u00f3n y Exportaci\u00f3n<\/em><\/p>\n<p>[\/dfd_heading][dfd_spacer screen_wide_spacer_size=\u00bb20&#8243; screen_normal_resolution=\u00bb1024&#8243; screen_tablet_resolution=\u00bb800&#8243; screen_mobile_resolution=\u00bb480&#8243;][vc_column_text item_animation=\u00bbtransition.slideLeftBigIn\u00bb]<span style=\"color: #ffffff;\">Las necesidades de crecimiento y la respuesta r\u00e1pida a las exigencias del mercado hacen necesario contar con una pol\u00edtica de control de compras y ventas para nuestros clientes con el fin de asegurar y hacer disponible el mejor servicio posible en mercados donde las reglas y operaci\u00f3n difieren de un pa\u00eds a otro.<\/span><\/p>\n<p><span style=\"color: #ffffff;\">Es por ello que la empresa ha desarrollado esta actividad para garantizar la prestaci\u00f3n del servicio desde la consulta inicial hasta la entrega final del producto en destino.<\/span>[\/vc_column_text][\/vc_column][vc_column width=\u00bb1\/3&#8243;][\/vc_column][\/vc_row][vc_row anchor=\u00bbmantenimiento\u00bb dfd_bg_style=\u00bbimage\u00bb dfd_bg_image_new=\u00bb7774&#8243; dfd_bg_image_repeat=\u00bbno-repeat\u00bb dfd_enable_overlay=\u00bbyes\u00bb dfd_overlay_color=\u00bb#0a0a0a\u00bb dfd_overlay_pattern_opacity=\u00bb30&#8243;][vc_column width=\u00bb2\/3&#8243;][dfd_heading subtitle=\u00bb\u00bb content_alignment=\u00bbtext-left\u00bb module_animation=\u00bbtransition.slideLeftBigIn\u00bb enable_delimiter=\u00bb\u00bb undefined=\u00bb\u00bb title_font_options=\u00bbtag:h2|color:%23ffffff\u00bb subtitle_font_options=\u00bbtag:div|color:%23ffffff\u00bb]Mantenimiento<br \/>\n<em class=\"dfd-textmodule-featured-decoration\">DG Tool<\/em>[\/dfd_heading][dfd_spacer screen_wide_spacer_size=\u00bb20&#8243; screen_normal_resolution=\u00bb1024&#8243; screen_tablet_resolution=\u00bb800&#8243; screen_mobile_resolution=\u00bb480&#8243;][vc_column_text item_animation=\u00bbtransition.slideLeftBigIn\u00bb]<span style=\"color: #ffffff;\">DG TOOL es un departamento que opera transversalmente en el \u00e1rea de mantenimiento en todas las empresas del Grupo DG. El concepto que ha impulsado la creaci\u00f3n de este departamento es asegurar el mantenimiento preventivo y correctivo de edificios en 3 \u00e1reas de operaci\u00f3n del Grupo DG (AVAC, Fontaner\u00eda y Electricidad). Este departamento ofrece una gama de servicios posventa para mantener el buen funcionamiento de las instalaciones y lograr que los clientes est\u00e9n siempre satisfechos.<\/span><\/p>\n<p><span style=\"color: #ffffff;\">El negocio administrativo, comercial y financiero est\u00e1 garantizado por la Holding, donde la habilidad y profesionalidad ha sido demostrada en los \u00faltimos a\u00f1os. En cuanto a la gesti\u00f3n t\u00e9cnica y de producci\u00f3n se garantiza la producci\u00f3n de las empresas locales del Grupo DG, cuyos procedimientos de mantenimiento son realizados por t\u00e9cnicos cualificados y formados por las marcas.<\/span>[\/vc_column_text][\/vc_column][vc_column width=\u00bb1\/3&#8243;][\/vc_column][\/vc_row][vc_row anchor=\u00bbseguridad\u00bb dfd_bg_style=\u00bbimage\u00bb dfd_bg_image_new=\u00bb7758&#8243; dfd_bg_image_repeat=\u00bbno-repeat\u00bb dfd_bg_image_position=\u00bbcenter center\u00bb dfd_enable_overlay=\u00bbyes\u00bb dfd_overlay_color=\u00bb#0a0a0a\u00bb dfd_overlay_pattern_opacity=\u00bb30&#8243;][vc_column width=\u00bb2\/3&#8243;][dfd_heading subtitle=\u00bb\u00bb content_alignment=\u00bbtext-left\u00bb module_animation=\u00bbtransition.slideLeftBigIn\u00bb enable_delimiter=\u00bb\u00bb undefined=\u00bb\u00bb title_font_options=\u00bbtag:h2|color:%23ffffff\u00bb subtitle_font_options=\u00bbtag:div|color:%23ffffff\u00bb]Seguridad<br \/>\n<em class=\"dfd-textmodule-featured-decoration\">CCTV<\/em>[\/dfd_heading][dfd_spacer screen_wide_spacer_size=\u00bb20&#8243; screen_normal_resolution=\u00bb1024&#8243; screen_tablet_resolution=\u00bb800&#8243; screen_mobile_resolution=\u00bb480&#8243;][vc_column_text item_animation=\u00bbtransition.slideLeftBigIn\u00bb]<span style=\"color: #ffffff;\">Proporcionamos la comercializaci\u00f3n e instalaci\u00f3n de Televisiones de Circuito Cerrado como soportes de seguridad: una necesidad de comodidad.<\/span>[\/vc_column_text][\/vc_column][vc_column width=\u00bb1\/3&#8243;][\/vc_column][\/vc_row]<\/p>\n<\/div>","protected":false},"excerpt":{"rendered":"<p>[vc_row anchor=\u00bbintro\u00bb dfd_bg_style=\u00bbimage\u00bb dfd_bg_image_new=\u00bb697&#8243; dfd_bg_image_repeat=\u00bbno-repeat\u00bb][vc_column width=\u00bb2\/3&#8243; css=\u00bb.vc_custom_1499247367505{padding-right: 2% !important;padding-left: 2% !important;}\u00bb col_shadow=\u00bbbox_shadow_enable:disable|shadow_horizontal:0|shadow_vertical:15|shadow_blur:50|shadow_spread:0|box_shadow_color:rgba(0%2C0%2C0%2C0.35)\u00bb col_shadow_hover=\u00bbbox_shadow_enable:disable|shadow_horizontal:0|shadow_vertical:15|shadow_blur:50|shadow_spread:0|box_shadow_color:rgba(0%2C0%2C0%2C0.35)\u00bb][dfd_heading subtitle=\u00bb\u00bb content_alignment=\u00bbtext-left\u00bb module_animation=\u00bbtransition.slideLeftBigIn\u00bb enable_delimiter=\u00bb\u00bb undefined=\u00bb\u00bb title_font_options=\u00bbtag:h2|color:%23ffffff\u00bb subtitle_font_options=\u00bbtag:div|color:%23ffffff\u00bb]Dise\u00f1amos, desarrollamos e instalamos Servicios integrados[\/dfd_heading][dfd_spacer screen_wide_spacer_size=\u00bb20&#8243; screen_normal_resolution=\u00bb1024&#8243; screen_tablet_resolution=\u00bb800&#8243; screen_mobile_resolution=\u00bb480&#8243;][dfd_animated_text style=\u00bbtyped\u00bb<\/p>\n","protected":false},"author":1,"featured_media":0,"parent":0,"menu_order":0,"comment_status":"closed","ping_status":"closed","template":"tmp-one-page-scroll.php","meta":{"_acf_changed":false,"inline_featured_image":false,"footnotes":""},"yst_prominent_words":[68,62,78,79,82,76,66,83,70,48,72,80,75,74,73,64,60,77,81,84],"acf":[],"_links":{"self":[{"href":"https:\/\/www.grupodg.pt\/es\/wp-json\/wp\/v2\/pages\/1206"}],"collection":[{"href":"https:\/\/www.grupodg.pt\/es\/wp-json\/wp\/v2\/pages"}],"about":[{"href":"https:\/\/www.grupodg.pt\/es\/wp-json\/wp\/v2\/types\/page"}],"author":[{"embeddable":true,"href":"https:\/\/www.grupodg.pt\/es\/wp-json\/wp\/v2\/users\/1"}],"replies":[{"embeddable":true,"href":"https:\/\/www.grupodg.pt\/es\/wp-json\/wp\/v2\/comments?post=1206"}],"version-history":[{"count":10,"href":"https:\/\/www.grupodg.pt\/es\/wp-json\/wp\/v2\/pages\/1206\/revisions"}],"predecessor-version":[{"id":8085,"href":"https:\/\/www.grupodg.pt\/es\/wp-json\/wp\/v2\/pages\/1206\/revisions\/8085"}],"wp:attachment":[{"href":"https:\/\/www.grupodg.pt\/es\/wp-json\/wp\/v2\/media?parent=1206"}],"wp:term":[{"taxonomy":"yst_prominent_words","embeddable":true,"href":"https:\/\/www.grupodg.pt\/es\/wp-json\/wp\/v2\/yst_prominent_words?post=1206"}],"curies":[{"name":"wp","href":"https:\/\/api.w.org\/{rel}","templated":true}]}}