{"id":1213,"date":"2017-09-27T23:38:46","date_gmt":"2017-09-27T23:38:46","guid":{"rendered":"https:\/\/www.grupodg.pt?page_id=1213"},"modified":"2024-02-19T16:15:28","modified_gmt":"2024-02-19T16:15:28","slug":"infraestructuras-y-ciudades","status":"publish","type":"page","link":"https:\/\/www.grupodg.pt\/es\/infraestructuras-y-ciudades","title":{"rendered":"Infraestructuras y Ciudades"},"content":{"rendered":"<div class=\"wpb-content-wrapper\"><p>[vc_row anchor=\u00bbintro\u00bb dfd_bg_style=\u00bbimage\u00bb dfd_bg_image_new=\u00bb1053&#8243; dfd_bg_image_repeat=\u00bbno-repeat\u00bb][vc_column width=\u00bb2\/3&#8243; css=\u00bb.vc_custom_1499247367505{padding-right: 2% !important;padding-left: 2% !important;}\u00bb col_shadow=\u00bbbox_shadow_enable:disable|shadow_horizontal:0|shadow_vertical:15|shadow_blur:50|shadow_spread:0|box_shadow_color:rgba(0%2C0%2C0%2C0.35)\u00bb col_shadow_hover=\u00bbbox_shadow_enable:disable|shadow_horizontal:0|shadow_vertical:15|shadow_blur:50|shadow_spread:0|box_shadow_color:rgba(0%2C0%2C0%2C0.35)\u00bb][dfd_heading subtitle=\u00bb\u00bb content_alignment=\u00bbtext-left\u00bb module_animation=\u00bbtransition.slideLeftBigIn\u00bb enable_delimiter=\u00bb\u00bb undefined=\u00bb\u00bb title_font_options=\u00bbtag:h2|color:%23ffffff\u00bb subtitle_font_options=\u00bbtag:div|color:%23ffffff\u00bb]<em class=\"dfd-textmodule-featured-decoration\">LA IMPORTANCIA DE LA<br \/>\nENERG\u00cdA SOSTENIBLE<\/em><br \/>\nINFRAESTRUCTURAS Y CIUDADES[\/dfd_heading][dfd_spacer screen_wide_spacer_size=\u00bb20&#8243; screen_normal_resolution=\u00bb1024&#8243; screen_tablet_resolution=\u00bb800&#8243; screen_mobile_resolution=\u00bb480&#8243;][dfd_animated_text style=\u00bbtyped\u00bb module_animation=\u00bbtransition.slideLeftBigIn\u00bb prefix=\u00bb\u00bb text_fields=\u00bb%5B%7B%22text_field%22%3A%22Ciudades%22%2C%22text_field_color%22%3A%22%23272727%22%2C%22text_field_background%22%3A%22%23ffffff%22%7D%2C%7B%22text_field%22%3A%22Redes%20el%C3%A9ctricas%22%2C%22text_field_color%22%3A%22%23272727%22%2C%22text_field_background%22%3A%22%23ffffff%22%7D%2C%7B%22text_field%22%3A%22Edificios%20eficientes%22%2C%22text_field_color%22%3A%22%23272727%22%2C%22text_field_background%22%3A%22%23ffffff%22%7D%2C%7B%22text_field%22%3A%22Movilidad%22%2C%22text_field_color%22%3A%22%23272727%22%2C%22text_field_background%22%3A%22%23ffffff%22%7D%2C%7B%22text_field%22%3A%22Seguridad%20y%20protecci%C3%B3n%22%2C%22text_field_color%22%3A%22%23272727%22%2C%22text_field_background%22%3A%22%23ffffff%22%7D%2C%7B%22text_field%22%3A%22Agua%20y%20aguas%20residuales%22%2C%22text_field_color%22%3A%22%23272727%22%2C%22text_field_background%22%3A%22%23ffffff%22%7D%5D\u00bb postfix=\u00bb\u00bb el_class=\u00bbtextanimate\u00bb prefix_color=\u00bb#ffffff\u00bb postfix_color=\u00bb#ffffff\u00bb][\/vc_column][vc_column width=\u00bb1\/3&#8243;][\/vc_column][\/vc_row][vc_row anchor=\u00bbCiudades\u00bb dfd_bg_style=\u00bbimage\u00bb dfd_bg_image_new=\u00bb1077&#8243; dfd_bg_image_repeat=\u00bbno-repeat\u00bb][vc_column width=\u00bb1\/2&#8243;][dfd_heading subtitle=\u00bb\u00bb content_alignment=\u00bbtext-left\u00bb module_animation=\u00bbtransition.slideLeftBigIn\u00bb enable_delimiter=\u00bb\u00bb undefined=\u00bb\u00bb title_font_options=\u00bbtag:h2|color:%23ffffff\u00bb subtitle_font_options=\u00bbtag:div|color:%23ffffff\u00bb]Construcci\u00f3n[\/dfd_heading][dfd_spacer screen_wide_spacer_size=\u00bb20&#8243; screen_normal_resolution=\u00bb1024&#8243; screen_tablet_resolution=\u00bb800&#8243; screen_mobile_resolution=\u00bb480&#8243;][vc_column_text item_animation=\u00bbtransition.slideLeftBigIn\u00bb]<span style=\"color: #ffffff;\">La sostenibilidad urbana es una de las cuestiones globales m\u00e1s cr\u00edticas de la actualidad. Es fundamental hacer que las ciudades sean m\u00e1s eficientes y limpias para vivir mejor y tener un futuro de mayor calidad en nuestro planeta.<\/span>[\/vc_column_text][\/vc_column][vc_column width=\u00bb1\/2&#8243;][\/vc_column][\/vc_row][vc_row anchor=\u00bbRedeselectricas\u00bb dfd_bg_style=\u00bbimage\u00bb dfd_bg_image_new=\u00bb1071&#8243; dfd_bg_image_repeat=\u00bbno-repeat\u00bb][vc_column width=\u00bb1\/2&#8243;][dfd_heading subtitle=\u00bb\u00bb content_alignment=\u00bbtext-left\u00bb module_animation=\u00bbtransition.slideLeftBigIn\u00bb enable_delimiter=\u00bb\u00bb undefined=\u00bb\u00bb title_font_options=\u00bbtag:h2|color:%23ffffff\u00bb subtitle_font_options=\u00bbtag:div|color:%23ffffff\u00bb]Infraestructuras[\/dfd_heading][dfd_spacer screen_wide_spacer_size=\u00bb20&#8243; screen_normal_resolution=\u00bb1024&#8243; screen_tablet_resolution=\u00bb800&#8243; screen_mobile_resolution=\u00bb480&#8243;][vc_column_text item_animation=\u00bbtransition.slideLeftBigIn\u00bb]<span style=\"color: #ffffff;\">Ofrecemos una gama de sistemas para mejorar la eficiencia energ\u00e9tica, proporcionando soluciones completas de transmisi\u00f3n y distribuci\u00f3n de energ\u00eda para redes el\u00e9ctricas.<\/span>[\/vc_column_text][\/vc_column][vc_column width=\u00bb1\/2&#8243;][\/vc_column][\/vc_row][vc_row anchor=\u00bbEdificioseficientes\u00bb dfd_bg_style=\u00bbimage\u00bb dfd_bg_image_new=\u00bb1067&#8243; dfd_bg_image_repeat=\u00bbno-repeat\u00bb][vc_column width=\u00bb1\/2&#8243;][dfd_heading subtitle=\u00bb\u00bb content_alignment=\u00bbtext-left\u00bb module_animation=\u00bbtransition.slideLeftBigIn\u00bb enable_delimiter=\u00bb\u00bb undefined=\u00bb\u00bb title_font_options=\u00bbtag:h2|color:%23ffffff\u00bb subtitle_font_options=\u00bbtag:div|color:%23ffffff\u00bb]Construcci\u00f3n[\/dfd_heading][dfd_spacer screen_wide_spacer_size=\u00bb20&#8243; screen_normal_resolution=\u00bb1024&#8243; screen_tablet_resolution=\u00bb800&#8243; screen_mobile_resolution=\u00bb480&#8243;][vc_column_text item_animation=\u00bbtransition.slideLeftBigIn\u00bb]<span style=\"color: #ffffff;\">Ofrecemos tecnolog\u00edas integradas, inteligentes y soluciones de energ\u00eda optimizado, un mayor rendimiento y sostenibilidad sin reducir la comodidad.<\/span>[\/vc_column_text][\/vc_column][vc_column width=\u00bb1\/2&#8243;][\/vc_column][\/vc_row][vc_row anchor=\u00bbMovilidad\u00bb dfd_bg_style=\u00bbimage\u00bb dfd_bg_image_new=\u00bb1079&#8243; dfd_bg_image_repeat=\u00bbno-repeat\u00bb][vc_column width=\u00bb1\/2&#8243;][dfd_heading subtitle=\u00bb\u00bb content_alignment=\u00bbtext-left\u00bb module_animation=\u00bbtransition.slideLeftBigIn\u00bb enable_delimiter=\u00bb\u00bb undefined=\u00bb\u00bb title_font_options=\u00bbtag:h2|color:%23ffffff\u00bb subtitle_font_options=\u00bbtag:div|color:%23ffffff\u00bb]Infraestructuras[\/dfd_heading][dfd_spacer screen_wide_spacer_size=\u00bb20&#8243; screen_normal_resolution=\u00bb1024&#8243; screen_tablet_resolution=\u00bb800&#8243; screen_mobile_resolution=\u00bb480&#8243;][vc_column_text item_animation=\u00bbtransition.slideLeftBigIn\u00bb]<span style=\"color: #ffffff;\">Ofrecemos una gama de sistemas para mejorar la eficiencia energ\u00e9tica proporcionando soluciones integrales de transmisi\u00f3n y distribuci\u00f3n de energ\u00eda para redes el\u00e9ctricas.<\/span>[\/vc_column_text][\/vc_column][vc_column width=\u00bb1\/2&#8243;][\/vc_column][\/vc_row][vc_row anchor=\u00bbseguridadyproteccion\u00bb dfd_bg_style=\u00bbimage\u00bb dfd_bg_image_new=\u00bb1086&#8243; dfd_bg_image_repeat=\u00bbno-repeat\u00bb][vc_column width=\u00bb1\/2&#8243;][dfd_heading subtitle=\u00bb\u00bb content_alignment=\u00bbtext-left\u00bb module_animation=\u00bbtransition.slideLeftBigIn\u00bb enable_delimiter=\u00bb\u00bb undefined=\u00bb\u00bb title_font_options=\u00bbtag:h2|color:%23ffffff\u00bb subtitle_font_options=\u00bbtag:div|color:%23ffffff\u00bb]Instalaciones especiales[\/dfd_heading][dfd_spacer screen_wide_spacer_size=\u00bb20&#8243; screen_normal_resolution=\u00bb1024&#8243; screen_tablet_resolution=\u00bb800&#8243; screen_mobile_resolution=\u00bb480&#8243;][vc_column_text item_animation=\u00bbtransition.slideLeftBigIn\u00bb]<span style=\"color: #ffffff;\">Integramos diversos sistemas de seguridad para garantizar la seguridad de los edificios y las instalaciones p\u00fablicas con nuestros sistemas de video vigilancia. Ofrecemos una gama completa de productos de seguridad y protecci\u00f3n.<\/span>[\/vc_column_text][\/vc_column][vc_column width=\u00bb1\/2&#8243;][\/vc_column][\/vc_row][vc_row anchor=\u00bbAguayaguasresiduales\u00bb dfd_bg_style=\u00bbimage\u00bb dfd_bg_image_new=\u00bb1093&#8243; dfd_bg_image_repeat=\u00bbno-repeat\u00bb][vc_column width=\u00bb1\/2&#8243;][dfd_heading subtitle=\u00bb\u00bb content_alignment=\u00bbtext-left\u00bb module_animation=\u00bbtransition.slideLeftBigIn\u00bb enable_delimiter=\u00bb\u00bb undefined=\u00bb\u00bb title_font_options=\u00bbtag:h2|color:%23ffffff\u00bb subtitle_font_options=\u00bbtag:div|color:%23ffffff\u00bb]\u00c9nergia[\/dfd_heading][dfd_spacer screen_wide_spacer_size=\u00bb20&#8243; screen_normal_resolution=\u00bb1024&#8243; screen_tablet_resolution=\u00bb800&#8243; screen_mobile_resolution=\u00bb480&#8243;][vc_column_text item_animation=\u00bbtransition.slideLeftBigIn\u00bb]<span style=\"color: #ffffff;\">Somos conscientes de la importancia de la gesti\u00f3n del agua, y dar soporte a los clientes dando respuestas adecuadas, ofreciendo soluciones para el agua y el tratamiento de alcantarillas, el transporte, la distribuci\u00f3n y la gesti\u00f3n.<\/span>[\/vc_column_text][\/vc_column][vc_column width=\u00bb1\/2&#8243;][\/vc_column][\/vc_row]<\/p>\n<\/div>","protected":false},"excerpt":{"rendered":"<p>[vc_row anchor=\u00bbintro\u00bb dfd_bg_style=\u00bbimage\u00bb dfd_bg_image_new=\u00bb1053&#8243; dfd_bg_image_repeat=\u00bbno-repeat\u00bb][vc_column width=\u00bb2\/3&#8243; css=\u00bb.vc_custom_1499247367505{padding-right: 2% !important;padding-left: 2% !important;}\u00bb col_shadow=\u00bbbox_shadow_enable:disable|shadow_horizontal:0|shadow_vertical:15|shadow_blur:50|shadow_spread:0|box_shadow_color:rgba(0%2C0%2C0%2C0.35)\u00bb col_shadow_hover=\u00bbbox_shadow_enable:disable|shadow_horizontal:0|shadow_vertical:15|shadow_blur:50|shadow_spread:0|box_shadow_color:rgba(0%2C0%2C0%2C0.35)\u00bb][dfd_heading subtitle=\u00bb\u00bb content_alignment=\u00bbtext-left\u00bb module_animation=\u00bbtransition.slideLeftBigIn\u00bb enable_delimiter=\u00bb\u00bb undefined=\u00bb\u00bb title_font_options=\u00bbtag:h2|color:%23ffffff\u00bb subtitle_font_options=\u00bbtag:div|color:%23ffffff\u00bb]LA IMPORTANCIA DE LA ENERG\u00cdA SOSTENIBLE INFRAESTRUCTURAS Y CIUDADES[\/dfd_heading][dfd_spacer screen_wide_spacer_size=\u00bb20&#8243; screen_normal_resolution=\u00bb1024&#8243;<\/p>\n","protected":false},"author":1,"featured_media":0,"parent":0,"menu_order":0,"comment_status":"closed","ping_status":"closed","template":"tmp-one-page-scroll.php","meta":{"_acf_changed":false,"inline_featured_image":false,"footnotes":""},"yst_prominent_words":[133,106,55,127,137,132,47,135,136,69,131,123,134,109,126,122,124,118,128,125],"acf":[],"_links":{"self":[{"href":"https:\/\/www.grupodg.pt\/es\/wp-json\/wp\/v2\/pages\/1213"}],"collection":[{"href":"https:\/\/www.grupodg.pt\/es\/wp-json\/wp\/v2\/pages"}],"about":[{"href":"https:\/\/www.grupodg.pt\/es\/wp-json\/wp\/v2\/types\/page"}],"author":[{"embeddable":true,"href":"https:\/\/www.grupodg.pt\/es\/wp-json\/wp\/v2\/users\/1"}],"replies":[{"embeddable":true,"href":"https:\/\/www.grupodg.pt\/es\/wp-json\/wp\/v2\/comments?post=1213"}],"version-history":[{"count":3,"href":"https:\/\/www.grupodg.pt\/es\/wp-json\/wp\/v2\/pages\/1213\/revisions"}],"predecessor-version":[{"id":8083,"href":"https:\/\/www.grupodg.pt\/es\/wp-json\/wp\/v2\/pages\/1213\/revisions\/8083"}],"wp:attachment":[{"href":"https:\/\/www.grupodg.pt\/es\/wp-json\/wp\/v2\/media?parent=1213"}],"wp:term":[{"taxonomy":"yst_prominent_words","embeddable":true,"href":"https:\/\/www.grupodg.pt\/es\/wp-json\/wp\/v2\/yst_prominent_words?post=1213"}],"curies":[{"name":"wp","href":"https:\/\/api.w.org\/{rel}","templated":true}]}}