{"id":1279,"date":"2017-07-03T23:12:07","date_gmt":"2017-07-03T23:12:07","guid":{"rendered":"https:\/\/www.grupodg.pt\/services"},"modified":"2024-02-19T16:17:58","modified_gmt":"2024-02-19T16:17:58","slug":"services-2-2","status":"publish","type":"page","link":"https:\/\/www.grupodg.pt\/fr\/services-2-2","title":{"rendered":"Services"},"content":{"rendered":"<div class=\"wpb-content-wrapper\"><p>[vc_row anchor=\u00a0\u00bbintro\u00a0\u00bb dfd_bg_style=\u00a0\u00bbimage\u00a0\u00bb dfd_bg_image_new=\u00a0\u00bb697&Prime; dfd_bg_image_repeat=\u00a0\u00bbno-repeat\u00a0\u00bb][vc_column width=\u00a0\u00bb2\/3&Prime; css=\u00a0\u00bb.vc_custom_1499247367505{padding-right: 2% !important;padding-left: 2% !important;}\u00a0\u00bb col_shadow=\u00a0\u00bbbox_shadow_enable:disable|shadow_horizontal:0|shadow_vertical:15|shadow_blur:50|shadow_spread:0|box_shadow_color:rgba(0%2C0%2C0%2C0.35)\u00a0\u00bb col_shadow_hover=\u00a0\u00bbbox_shadow_enable:disable|shadow_horizontal:0|shadow_vertical:15|shadow_blur:50|shadow_spread:0|box_shadow_color:rgba(0%2C0%2C0%2C0.35)\u00a0\u00bb][dfd_heading subtitle=\u00a0\u00bb\u00a0\u00bb content_alignment=\u00a0\u00bbtext-left\u00a0\u00bb module_animation=\u00a0\u00bbtransition.slideLeftBigIn\u00a0\u00bb enable_delimiter=\u00a0\u00bb\u00a0\u00bb undefined=\u00a0\u00bb\u00a0\u00bb title_font_options=\u00a0\u00bbtag:h2|color:%23ffffff\u00a0\u00bb subtitle_font_options=\u00a0\u00bbtag:div|color:%23ffffff\u00a0\u00bb]<em class=\"dfd-textmodule-featured-decoration\">Nous concevons, d\u00e9veloppons et installons des <\/em>Services Int\u00e9gr\u00e9s[\/dfd_heading][dfd_spacer screen_wide_spacer_size=\u00a0\u00bb20&Prime; screen_normal_resolution=\u00a0\u00bb1024&Prime; screen_tablet_resolution=\u00a0\u00bb800&Prime; screen_mobile_resolution=\u00a0\u00bb480&Prime;][dfd_animated_text style=\u00a0\u00bbtyped\u00a0\u00bb module_animation=\u00a0\u00bbtransition.slideLeftBigIn\u00a0\u00bb prefix=\u00a0\u00bb\u00a0\u00bb text_fields=\u00a0\u00bb%5B%7B%22text_field%22%3A%22%C3%89lectricit%C3%A9%22%2C%22text_field_color%22%3A%22%23272727%22%2C%22text_field_background%22%3A%22%23ffffff%22%7D%2C%7B%22text_field%22%3A%22CVC%22%2C%22text_field_color%22%3A%22%23272727%22%2C%22text_field_background%22%3A%22%23ffffff%22%7D%2C%7B%22text_field%22%3A%22Hydraulique%22%2C%22text_field_color%22%3A%22%23272727%22%2C%22text_field_background%22%3A%22%23ffffff%22%7D%2C%7B%22text_field%22%3A%22%C3%89nergie%20Renouvelable%22%2C%22text_field_color%22%3A%22%23272727%22%2C%22text_field_background%22%3A%22%23ffffff%22%7D%2C%7B%22text_field%22%3A%22Domotique%22%2C%22text_field_color%22%3A%22%23272727%22%2C%22text_field_background%22%3A%22%23ffffff%22%7D%2C%7B%22text_field%22%3A%22Trading%22%2C%22text_field_color%22%3A%22%23272727%22%2C%22text_field_background%22%3A%22%23ffffff%22%7D%2C%7B%22text_field%22%3A%22Maintenance%22%2C%22text_field_color%22%3A%22%23272727%22%2C%22text_field_background%22%3A%22%23ffffff%22%7D%2C%7B%22text_field%22%3A%22S%C3%A9curit%C3%A9%22%2C%22text_field_color%22%3A%22%23272727%22%2C%22text_field_background%22%3A%22%23ffffff%22%7D%5D\u00a0\u00bb postfix=\u00a0\u00bb\u00a0\u00bb el_class=\u00a0\u00bbtextanimate\u00a0\u00bb prefix_color=\u00a0\u00bb#ffffff\u00a0\u00bb postfix_color=\u00a0\u00bb#ffffff\u00a0\u00bb][\/vc_column][vc_column width=\u00a0\u00bb1\/3&Prime;][\/vc_column][\/vc_row][vc_row anchor=\u00a0\u00bbconstruction\u00a0\u00bb dfd_bg_style=\u00a0\u00bbimage\u00a0\u00bb dfd_bg_image_new=\u00a0\u00bb7781&Prime; dfd_bg_image_repeat=\u00a0\u00bbno-repeat\u00a0\u00bb dfd_enable_overlay=\u00a0\u00bbyes\u00a0\u00bb dfd_overlay_color=\u00a0\u00bb#0a0a0a\u00a0\u00bb dfd_overlay_pattern_opacity=\u00a0\u00bb20&Prime;][vc_column width=\u00a0\u00bb2\/3&Prime;][dfd_heading subtitle=\u00a0\u00bb\u00a0\u00bb content_alignment=\u00a0\u00bbtext-left\u00a0\u00bb module_animation=\u00a0\u00bbtransition.slideLeftBigIn\u00a0\u00bb enable_delimiter=\u00a0\u00bb\u00a0\u00bb undefined=\u00a0\u00bb\u00a0\u00bb title_font_options=\u00a0\u00bbtag:h2|color:%23ffffff\u00a0\u00bb subtitle_font_options=\u00a0\u00bbtag:div|color:%23ffffff\u00a0\u00bb]Construction<br \/>\n<em class=\"dfd-textmodule-featured-decoration\">Construction<br \/>\nTravaux publics<\/em>[\/dfd_heading][dfd_spacer screen_wide_spacer_size=\u00a0\u00bb20&Prime; screen_normal_resolution=\u00a0\u00bb1024&Prime; screen_tablet_resolution=\u00a0\u00bb800&Prime; screen_mobile_resolution=\u00a0\u00bb480&Prime;][vc_column_text item_animation=\u00a0\u00bbtransition.slideLeftBigIn\u00a0\u00bb]<span style=\"color: #ffffff;\">Nous sommes une entreprise avec plus de 20 ans d&rsquo;exp\u00e9rience dans les diff\u00e9rents domaines de la construction civile et des travaux publics, dans lesquels nous suivons les demandes du march\u00e9, en misant sur la comp\u00e9titivit\u00e9.<\/span>[\/vc_column_text][\/vc_column][vc_column width=\u00a0\u00bb1\/3&Prime;][\/vc_column][\/vc_row][vc_row anchor=\u00a0\u00bbinfrae\u00a0\u00bb dfd_bg_style=\u00a0\u00bbimage\u00a0\u00bb dfd_bg_image_new=\u00a0\u00bb8039&Prime; dfd_bg_image_repeat=\u00a0\u00bbno-repeat\u00a0\u00bb dfd_bg_image_position=\u00a0\u00bbcenter center\u00a0\u00bb dfd_enable_overlay=\u00a0\u00bbyes\u00a0\u00bb dfd_overlay_color=\u00a0\u00bb#000000&Prime; dfd_overlay_pattern_opacity=\u00a0\u00bb30&Prime;][vc_column width=\u00a0\u00bb2\/3&Prime;][dfd_heading subtitle=\u00a0\u00bb\u00a0\u00bb content_alignment=\u00a0\u00bbtext-left\u00a0\u00bb module_animation=\u00a0\u00bbtransition.slideLeftBigIn\u00a0\u00bb enable_delimiter=\u00a0\u00bb\u00a0\u00bb undefined=\u00a0\u00bb\u00a0\u00bb title_font_options=\u00a0\u00bbtag:h2|color:%23ffffff\u00a0\u00bb subtitle_font_options=\u00a0\u00bbtag:div|color:%23ffffff\u00a0\u00bb]Infrastructures[\/dfd_heading][dfd_spacer screen_wide_spacer_size=\u00a0\u00bb20&Prime; screen_normal_resolution=\u00a0\u00bb1024&Prime; screen_tablet_resolution=\u00a0\u00bb800&Prime; screen_mobile_resolution=\u00a0\u00bb480&Prime;][vc_column_text item_animation=\u00a0\u00bbtransition.slideLeftBigIn\u00a0\u00bb]<span style=\"color: #ffffff;\">La mobilit\u00e9 durable est une exigence fondamentale du d\u00e9veloppement urbain. Ainsi, nous sommes en mesure de proposer une large gamme de solutions int\u00e9gr\u00e9es de transport urbain, de transport interurbain et de mobilit\u00e9 logistique.<\/span>[\/vc_column_text][\/vc_column][vc_column width=\u00a0\u00bb1\/3&Prime;][\/vc_column][\/vc_row][vc_row anchor=\u00a0\u00bbelectricite\u00a0\u00bb dfd_bg_style=\u00a0\u00bbimage\u00a0\u00bb dfd_bg_image_new=\u00a0\u00bb7766&Prime; dfd_bg_image_repeat=\u00a0\u00bbno-repeat\u00a0\u00bb dfd_enable_overlay=\u00a0\u00bbyes\u00a0\u00bb dfd_overlay_color=\u00a0\u00bb#0a0a0a\u00a0\u00bb dfd_overlay_pattern_opacity=\u00a0\u00bb25&Prime;][vc_column width=\u00a0\u00bb2\/3&Prime;][dfd_heading subtitle=\u00a0\u00bb\u00a0\u00bb content_alignment=\u00a0\u00bbtext-left\u00a0\u00bb module_animation=\u00a0\u00bbtransition.slideLeftBigIn\u00a0\u00bb enable_delimiter=\u00a0\u00bb\u00a0\u00bb undefined=\u00a0\u00bb\u00a0\u00bb title_font_options=\u00a0\u00bbtag:h2|color:%23ffffff\u00a0\u00bb subtitle_font_options=\u00a0\u00bbtag:div|color:%23ffffff\u00a0\u00bb]\u00c9lectricit\u00e9<br \/>\n<em class=\"dfd-textmodule-featured-decoration\">Installation \u00c9lectrique<br \/>\nBasse tension<br \/>\nMoyenne tension<\/em>[\/dfd_heading][dfd_spacer screen_wide_spacer_size=\u00a0\u00bb20&Prime; screen_normal_resolution=\u00a0\u00bb1024&Prime; screen_tablet_resolution=\u00a0\u00bb800&Prime; screen_mobile_resolution=\u00a0\u00bb480&Prime;][vc_column_text item_animation=\u00a0\u00bbtransition.slideLeftBigIn\u00a0\u00bb]<span style=\"color: #ffffff;\">Nous fournissons des installations \u00e0 basse et moyenne tension et une automatisation industrielle. Nous analysons la qualit\u00e9 de l&rsquo;\u00e9nergie dans tous les domaines qui utilisent largement des machines \u00e9lectriques, des lampes de type industriel parmi de nombreux \u00e9quipements \u00e9lectriques diff\u00e9rents.<\/span>[\/vc_column_text][\/vc_column][vc_column width=\u00a0\u00bb1\/3&Prime;][\/vc_column][\/vc_row][vc_row anchor=\u00a0\u00bbCVC\u00a0\u00bb dfd_bg_style=\u00a0\u00bbimage\u00a0\u00bb dfd_bg_image_new=\u00a0\u00bb7732&Prime; dfd_bg_image_repeat=\u00a0\u00bbno-repeat\u00a0\u00bb dfd_enable_overlay=\u00a0\u00bbyes\u00a0\u00bb dfd_overlay_color=\u00a0\u00bb#000000&Prime; dfd_overlay_pattern_opacity=\u00a0\u00bb40&Prime;][vc_column width=\u00a0\u00bb2\/3&Prime;][dfd_heading subtitle=\u00a0\u00bb\u00a0\u00bb content_alignment=\u00a0\u00bbtext-left\u00a0\u00bb module_animation=\u00a0\u00bbtransition.slideLeftBigIn\u00a0\u00bb enable_delimiter=\u00a0\u00bb\u00a0\u00bb undefined=\u00a0\u00bb\u00a0\u00bb title_font_options=\u00a0\u00bbtag:h2|color:%23ffffff\u00a0\u00bb subtitle_font_options=\u00a0\u00bbtag:div|color:%23ffffff\u00a0\u00bb]CVC<br \/>\n<em class=\"dfd-textmodule-featured-decoration\">Chauffage<br \/>\nVentilation<br \/>\nAir conditionn\u00e9<\/em>[\/dfd_heading][dfd_spacer screen_wide_spacer_size=\u00a0\u00bb20&Prime; screen_normal_resolution=\u00a0\u00bb1024&Prime; screen_tablet_resolution=\u00a0\u00bb800&Prime; screen_mobile_resolution=\u00a0\u00bb480&Prime;][vc_column_text item_animation=\u00a0\u00bbtransition.slideLeftBigIn\u00a0\u00bb]<span style=\"color: #ffffff;\">Chauffage, ventilation et climatisation qui permettent de contr\u00f4ler les valeurs minimales de temp\u00e9rature et d&rsquo;humidit\u00e9 relative maximale et la qualit\u00e9 de l&rsquo;air int\u00e9rieur. Les syst\u00e8mes peuvent \u00eatre de diff\u00e9rents types, qui utilisent l&rsquo;eau ou l&rsquo;air en tant que fluide thermique secondaire et l&rsquo;utilisation de fluides primaires ou de fluides frigorig\u00e8nes diff\u00e9rents.<\/span>[\/vc_column_text][\/vc_column][vc_column width=\u00a0\u00bb1\/3&Prime;][\/vc_column][\/vc_row][vc_row anchor=\u00a0\u00bbhydraulique\u00a0\u00bb dfd_bg_style=\u00a0\u00bbimage\u00a0\u00bb dfd_bg_image_new=\u00a0\u00bb7736&Prime; dfd_bg_image_repeat=\u00a0\u00bbno-repeat\u00a0\u00bb dfd_enable_overlay=\u00a0\u00bbyes\u00a0\u00bb dfd_overlay_color=\u00a0\u00bb#000000&Prime; dfd_overlay_pattern_opacity=\u00a0\u00bb40&Prime;][vc_column width=\u00a0\u00bb2\/3&Prime;][dfd_heading subtitle=\u00a0\u00bb\u00a0\u00bb content_alignment=\u00a0\u00bbtext-left\u00a0\u00bb module_animation=\u00a0\u00bbtransition.slideLeftBigIn\u00a0\u00bb enable_delimiter=\u00a0\u00bb\u00a0\u00bb undefined=\u00a0\u00bb\u00a0\u00bb title_font_options=\u00a0\u00bbtag:h2|color:%23ffffff\u00a0\u00bb subtitle_font_options=\u00a0\u00bbtag:div|color:%23ffffff\u00a0\u00bb]Hydraulique<br \/>\n<em class=\"dfd-textmodule-featured-decoration\">R\u00e9seau d&rsquo;incendie<br \/>\nApprovisionnement d\u00b4eau<br \/>\nR\u00e9seau d&rsquo;\u00e9gouts ETA<br \/>\nStation d&rsquo;\u00e9puration<\/em><\/p>\n<p>[\/dfd_heading][dfd_spacer screen_wide_spacer_size=\u00a0\u00bb20&Prime; screen_normal_resolution=\u00a0\u00bb1024&Prime; screen_tablet_resolution=\u00a0\u00bb800&Prime; screen_mobile_resolution=\u00a0\u00bb480&Prime;][vc_column_text item_animation=\u00a0\u00bbtransition.slideLeftBigIn\u00a0\u00bb]<span style=\"color: #ffffff;\">R\u00e9seaux d&rsquo;eau et d&rsquo;\u00e9gout; articles sanitaires; application d\u00b4isolation en plafonds; aspiration et chauffage central; syst\u00e8mes d&rsquo;irrigation automatiques; pompes d&rsquo;alimentation, drainage et incendie; Piscines, sauna, bain turc et jacuzzi.<\/span>[\/vc_column_text][\/vc_column][vc_column width=\u00a0\u00bb1\/3&Prime;][\/vc_column][\/vc_row][vc_row anchor=\u00a0\u00bbenergie-renouvelable\u00a0\u00bb dfd_bg_style=\u00a0\u00bbimage\u00a0\u00bb dfd_bg_image_new=\u00a0\u00bb7740&Prime; dfd_bg_image_repeat=\u00a0\u00bbno-repeat\u00a0\u00bb dfd_enable_overlay=\u00a0\u00bbyes\u00a0\u00bb dfd_overlay_color=\u00a0\u00bb#0a0a0a\u00a0\u00bb dfd_overlay_pattern_opacity=\u00a0\u00bb20&Prime;][vc_column width=\u00a0\u00bb2\/3&Prime;][dfd_heading subtitle=\u00a0\u00bb\u00a0\u00bb content_alignment=\u00a0\u00bbtext-left\u00a0\u00bb module_animation=\u00a0\u00bbtransition.slideLeftBigIn\u00a0\u00bb enable_delimiter=\u00a0\u00bb\u00a0\u00bb undefined=\u00a0\u00bb\u00a0\u00bb title_font_options=\u00a0\u00bbtag:h2|color:%23ffffff\u00a0\u00bb subtitle_font_options=\u00a0\u00bbtag:div|color:%23ffffff\u00a0\u00bb]\u00c9nergie renouvelable<br \/>\n<em class=\"dfd-textmodule-featured-decoration\">Panneaux solaires<br \/>\n\u00c9olienne <\/em>[\/dfd_heading][dfd_spacer screen_wide_spacer_size=\u00a0\u00bb20&Prime; screen_normal_resolution=\u00a0\u00bb1024&Prime; screen_tablet_resolution=\u00a0\u00bb800&Prime; screen_mobile_resolution=\u00a0\u00bb480&Prime;][vc_column_text item_animation=\u00a0\u00bbtransition.slideLeftBigIn\u00a0\u00bb]<span style=\"color: #ffffff;\">Nous sommes responsables du marketing et de l&rsquo;installation des equipements pour soutenir les \u00e9nergies renouvelables telles que les panneaux solaires, \u00e9nergie \u00e9olienne et d&rsquo;autres.<\/span>[\/vc_column_text][\/vc_column][vc_column width=\u00a0\u00bb1\/3&Prime;][\/vc_column][\/vc_row][vc_row anchor=\u00a0\u00bbdomotique\u00a0\u00bb dfd_bg_style=\u00a0\u00bbimage\u00a0\u00bb dfd_bg_image_new=\u00a0\u00bb7761&Prime; dfd_bg_image_repeat=\u00a0\u00bbno-repeat\u00a0\u00bb dfd_enable_overlay=\u00a0\u00bbyes\u00a0\u00bb dfd_overlay_color=\u00a0\u00bb#0a0a0a\u00a0\u00bb dfd_overlay_pattern_opacity=\u00a0\u00bb10&Prime;][vc_column width=\u00a0\u00bb2\/3&Prime;][dfd_heading subtitle=\u00a0\u00bb\u00a0\u00bb content_alignment=\u00a0\u00bbtext-left\u00a0\u00bb module_animation=\u00a0\u00bbtransition.slideLeftBigIn\u00a0\u00bb enable_delimiter=\u00a0\u00bb\u00a0\u00bb undefined=\u00a0\u00bb\u00a0\u00bb title_font_options=\u00a0\u00bbtag:h2|color:%23ffffff\u00a0\u00bb subtitle_font_options=\u00a0\u00bbtag:div|color:%23ffffff\u00a0\u00bb]Domotique[\/dfd_heading][dfd_spacer screen_wide_spacer_size=\u00a0\u00bb20&Prime; screen_normal_resolution=\u00a0\u00bb1024&Prime; screen_tablet_resolution=\u00a0\u00bb800&Prime; screen_mobile_resolution=\u00a0\u00bb480&Prime;][vc_column_text item_animation=\u00a0\u00bbtransition.slideLeftBigIn\u00a0\u00bb]<span style=\"color: #ffffff;\">La domotique vise \u00e0 simplifier notre vie quotidienne afin que les t\u00e2ches routini\u00e8res et ennuyeuses se r\u00e9alisent automatiquement. Nous fournissons \u00e9galement la technologie n\u00e9cessaire pour l&rsquo;installation de Home Cin\u00e9ma.<\/span>[\/vc_column_text][\/vc_column][vc_column width=\u00a0\u00bb1\/3&Prime;][\/vc_column][\/vc_row][vc_row anchor=\u00a0\u00bbtrading\u00a0\u00bb dfd_bg_style=\u00a0\u00bbimage\u00a0\u00bb dfd_bg_image_new=\u00a0\u00bb7785&Prime; dfd_bg_image_repeat=\u00a0\u00bbno-repeat\u00a0\u00bb dfd_enable_overlay=\u00a0\u00bbyes\u00a0\u00bb dfd_overlay_color=\u00a0\u00bb#000000&Prime; dfd_overlay_pattern_opacity=\u00a0\u00bb45&Prime;][vc_column width=\u00a0\u00bb2\/3&Prime;][dfd_heading subtitle=\u00a0\u00bb\u00a0\u00bb content_alignment=\u00a0\u00bbtext-left\u00a0\u00bb module_animation=\u00a0\u00bbtransition.slideLeftBigIn\u00a0\u00bb enable_delimiter=\u00a0\u00bb\u00a0\u00bb undefined=\u00a0\u00bb\u00a0\u00bb title_font_options=\u00a0\u00bbtag:h2|color:%23ffffff\u00a0\u00bb subtitle_font_options=\u00a0\u00bbtag:div|color:%23ffffff\u00a0\u00bb]Trading<br \/>\n<em class=\"dfd-textmodule-featured-decoration\">Import et Export<\/em>[\/dfd_heading][dfd_spacer screen_wide_spacer_size=\u00a0\u00bb20&Prime; screen_normal_resolution=\u00a0\u00bb1024&Prime; screen_tablet_resolution=\u00a0\u00bb800&Prime; screen_mobile_resolution=\u00a0\u00bb480&Prime;][vc_column_text item_animation=\u00a0\u00bbtransition.slideLeftBigIn\u00a0\u00bb]<span style=\"color: #ffffff;\">Les besoins de croissance et la r\u00e9ponse rapide aux exigences du march\u00e9 n\u00e9cessitent une politique de contr\u00f4le pour les achats et les ventes pour nos clients, afin de s\u00e9curis\u00e9 et faciliter le service sur les march\u00e9s o\u00f9 les r\u00e8gles et les op\u00e9rations diff\u00e8rent d&rsquo;un pays \u00e0 l&rsquo;autre.<\/span><\/p>\n<p><span style=\"color: #ffffff;\">C&rsquo;est pourquoi la soci\u00e9t\u00e9 a d\u00e9velopp\u00e9 cette activit\u00e9 afin de garantir la livraison du service depuis la consultation initiale des prix jusqu&rsquo;\u00e0 la livraison finale du produit \u00e0 destination.<\/span>[\/vc_column_text][\/vc_column][vc_column width=\u00a0\u00bb1\/3&Prime;][\/vc_column][\/vc_row][vc_row anchor=\u00a0\u00bbdgtool\u00a0\u00bb dfd_bg_style=\u00a0\u00bbimage\u00a0\u00bb dfd_bg_image_new=\u00a0\u00bb7771&Prime; dfd_bg_image_repeat=\u00a0\u00bbno-repeat\u00a0\u00bb dfd_enable_overlay=\u00a0\u00bbyes\u00a0\u00bb dfd_overlay_color=\u00a0\u00bb#0a0a0a\u00a0\u00bb dfd_overlay_pattern_opacity=\u00a0\u00bb30&Prime;][vc_column width=\u00a0\u00bb2\/3&Prime;][dfd_heading subtitle=\u00a0\u00bb\u00a0\u00bb content_alignment=\u00a0\u00bbtext-left\u00a0\u00bb module_animation=\u00a0\u00bbtransition.slideLeftBigIn\u00a0\u00bb enable_delimiter=\u00a0\u00bb\u00a0\u00bb undefined=\u00a0\u00bb\u00a0\u00bb title_font_options=\u00a0\u00bbtag:h2|color:%23ffffff\u00a0\u00bb subtitle_font_options=\u00a0\u00bbtag:div|color:%23ffffff\u00a0\u00bb]Maintenance<br \/>\n<em class=\"dfd-textmodule-featured-decoration\">DG Tool<\/em>[\/dfd_heading][dfd_spacer screen_wide_spacer_size=\u00a0\u00bb20&Prime; screen_normal_resolution=\u00a0\u00bb1024&Prime; screen_tablet_resolution=\u00a0\u00bb800&Prime; screen_mobile_resolution=\u00a0\u00bb480&Prime;][vc_column_text item_animation=\u00a0\u00bbtransition.slideLeftBigIn\u00a0\u00bb]<span style=\"color: #ffffff;\">DG TOOL est un d\u00e9partement qui op\u00e8re transversalement dans la zone de maintenance dans toutes les soci\u00e9t\u00e9s du Groupe DG. Le concept de la cr\u00e9ation de ce d\u00e9partement est d&rsquo;assurer la maintenance pr\u00e9ventive et corrective des b\u00e2timents dans 3 domaines d&rsquo;activit\u00e9 du Groupe DG (CVC, Plomberie et Electrique). Ce service fournit une gamme de services apr\u00e8s vente afin de maintenir le bon fonctionnement des installations et la satisfaction continue de ses clients.<\/span><\/p>\n<p><span style=\"color: #ffffff;\">L&rsquo;activit\u00e9 administrative, commerciale et financi\u00e8re est garantie par la Holding o\u00f9 la capacit\u00e9 et le professionnalisme ont \u00e9t\u00e9 prouv\u00e9s au cours des derni\u00e8res ann\u00e9es. En ce qui concerne la gestion technique et de production, ils sont assur\u00e9s par la production des entreprises locales du Groupe DG, dont les proc\u00e9dures de maintenance sont r\u00e9alis\u00e9es par des techniciens qualifi\u00e9s et form\u00e9s par les marques.<\/span>[\/vc_column_text][\/vc_column][vc_column width=\u00a0\u00bb1\/3&Prime;][\/vc_column][\/vc_row][vc_row anchor=\u00a0\u00bbsecurite\u00a0\u00bb dfd_bg_style=\u00a0\u00bbimage\u00a0\u00bb dfd_bg_image_new=\u00a0\u00bb7756&Prime; dfd_bg_image_repeat=\u00a0\u00bbno-repeat\u00a0\u00bb dfd_bg_image_position=\u00a0\u00bbcenter center\u00a0\u00bb dfd_enable_overlay=\u00a0\u00bbyes\u00a0\u00bb dfd_overlay_color=\u00a0\u00bb#000000&Prime; dfd_overlay_pattern_opacity=\u00a0\u00bb30&Prime;][vc_column width=\u00a0\u00bb2\/3&Prime;][dfd_heading subtitle=\u00a0\u00bb\u00a0\u00bb content_alignment=\u00a0\u00bbtext-left\u00a0\u00bb module_animation=\u00a0\u00bbtransition.slideLeftBigIn\u00a0\u00bb enable_delimiter=\u00a0\u00bb\u00a0\u00bb undefined=\u00a0\u00bb\u00a0\u00bb title_font_options=\u00a0\u00bbtag:h2|color:%23ffffff\u00a0\u00bb subtitle_font_options=\u00a0\u00bbtag:div|color:%23ffffff\u00a0\u00bb]S\u00e9curit\u00e9<br \/>\n<em class=\"dfd-textmodule-featured-decoration\">CCTV<\/em><\/p>\n<p>[\/dfd_heading][dfd_spacer screen_wide_spacer_size=\u00a0\u00bb20&Prime; screen_normal_resolution=\u00a0\u00bb1024&Prime; screen_tablet_resolution=\u00a0\u00bb800&Prime; screen_mobile_resolution=\u00a0\u00bb480&Prime;][vc_column_text item_animation=\u00a0\u00bbtransition.slideLeftBigIn\u00a0\u00bb]<span style=\"color: #ffffff;\">Nous fournissons la commercialisation et l&rsquo;installation de t\u00e9l\u00e9viseurs \u00e0 circuit ferm\u00e9 comme support de s\u00e9curit\u00e9: une n\u00e9cessit\u00e9 pour le confort.<\/span><\/p>\n<p>[\/vc_column_text][\/vc_column][vc_column width=\u00a0\u00bb1\/3&Prime;][\/vc_column][\/vc_row]<\/p>\n<\/div>","protected":false},"excerpt":{"rendered":"<p>[vc_row anchor=\u00a0\u00bbintro\u00a0\u00bb dfd_bg_style=\u00a0\u00bbimage\u00a0\u00bb dfd_bg_image_new=\u00a0\u00bb697&Prime; dfd_bg_image_repeat=\u00a0\u00bbno-repeat\u00a0\u00bb][vc_column width=\u00a0\u00bb2\/3&Prime; css=\u00a0\u00bb.vc_custom_1499247367505{padding-right: 2% !important;padding-left: 2% !important;}\u00a0\u00bb col_shadow=\u00a0\u00bbbox_shadow_enable:disable|shadow_horizontal:0|shadow_vertical:15|shadow_blur:50|shadow_spread:0|box_shadow_color:rgba(0%2C0%2C0%2C0.35)\u00a0\u00bb col_shadow_hover=\u00a0\u00bbbox_shadow_enable:disable|shadow_horizontal:0|shadow_vertical:15|shadow_blur:50|shadow_spread:0|box_shadow_color:rgba(0%2C0%2C0%2C0.35)\u00a0\u00bb][dfd_heading subtitle=\u00a0\u00bb\u00a0\u00bb content_alignment=\u00a0\u00bbtext-left\u00a0\u00bb module_animation=\u00a0\u00bbtransition.slideLeftBigIn\u00a0\u00bb enable_delimiter=\u00a0\u00bb\u00a0\u00bb undefined=\u00a0\u00bb\u00a0\u00bb title_font_options=\u00a0\u00bbtag:h2|color:%23ffffff\u00a0\u00bb subtitle_font_options=\u00a0\u00bbtag:div|color:%23ffffff\u00a0\u00bb]Nous concevons, d\u00e9veloppons et installons des Services Int\u00e9gr\u00e9s[\/dfd_heading][dfd_spacer screen_wide_spacer_size=\u00a0\u00bb20&Prime; screen_normal_resolution=\u00a0\u00bb1024&Prime; screen_tablet_resolution=\u00a0\u00bb800&Prime;<\/p>\n","protected":false},"author":1,"featured_media":0,"parent":0,"menu_order":0,"comment_status":"closed","ping_status":"closed","template":"tmp-one-page-scroll.php","meta":{"_acf_changed":false,"inline_featured_image":false,"footnotes":""},"yst_prominent_words":[203,192,208,159,209,83,206,205,164,155,204,158,210,202,191,201,199,207,200,193],"acf":[],"_links":{"self":[{"href":"https:\/\/www.grupodg.pt\/fr\/wp-json\/wp\/v2\/pages\/1279"}],"collection":[{"href":"https:\/\/www.grupodg.pt\/fr\/wp-json\/wp\/v2\/pages"}],"about":[{"href":"https:\/\/www.grupodg.pt\/fr\/wp-json\/wp\/v2\/types\/page"}],"author":[{"embeddable":true,"href":"https:\/\/www.grupodg.pt\/fr\/wp-json\/wp\/v2\/users\/1"}],"replies":[{"embeddable":true,"href":"https:\/\/www.grupodg.pt\/fr\/wp-json\/wp\/v2\/comments?post=1279"}],"version-history":[{"count":10,"href":"https:\/\/www.grupodg.pt\/fr\/wp-json\/wp\/v2\/pages\/1279\/revisions"}],"predecessor-version":[{"id":8086,"href":"https:\/\/www.grupodg.pt\/fr\/wp-json\/wp\/v2\/pages\/1279\/revisions\/8086"}],"wp:attachment":[{"href":"https:\/\/www.grupodg.pt\/fr\/wp-json\/wp\/v2\/media?parent=1279"}],"wp:term":[{"taxonomy":"yst_prominent_words","embeddable":true,"href":"https:\/\/www.grupodg.pt\/fr\/wp-json\/wp\/v2\/yst_prominent_words?post=1279"}],"curies":[{"name":"wp","href":"https:\/\/api.w.org\/{rel}","templated":true}]}}