{"id":1283,"date":"2017-08-01T11:01:16","date_gmt":"2017-08-01T11:01:16","guid":{"rendered":"https:\/\/www.grupodg.pt\/infrastructure-cities"},"modified":"2024-02-19T16:15:06","modified_gmt":"2024-02-19T16:15:06","slug":"infrastructure-villes","status":"publish","type":"page","link":"https:\/\/www.grupodg.pt\/fr\/infrastructure-villes","title":{"rendered":"Infrastructure &#038; Villes"},"content":{"rendered":"<div class=\"wpb-content-wrapper\"><p>[vc_row anchor=\u00a0\u00bbintro\u00a0\u00bb dfd_bg_style=\u00a0\u00bbimage\u00a0\u00bb dfd_bg_image_new=\u00a0\u00bb1053&Prime; dfd_bg_image_repeat=\u00a0\u00bbno-repeat\u00a0\u00bb][vc_column width=\u00a0\u00bb2\/3&Prime; css=\u00a0\u00bb.vc_custom_1499247367505{padding-right: 2% !important;padding-left: 2% !important;}\u00a0\u00bb col_shadow=\u00a0\u00bbbox_shadow_enable:disable|shadow_horizontal:0|shadow_vertical:15|shadow_blur:50|shadow_spread:0|box_shadow_color:rgba(0%2C0%2C0%2C0.35)\u00a0\u00bb col_shadow_hover=\u00a0\u00bbbox_shadow_enable:disable|shadow_horizontal:0|shadow_vertical:15|shadow_blur:50|shadow_spread:0|box_shadow_color:rgba(0%2C0%2C0%2C0.35)\u00a0\u00bb][dfd_heading subtitle=\u00a0\u00bb\u00a0\u00bb content_alignment=\u00a0\u00bbtext-left\u00a0\u00bb module_animation=\u00a0\u00bbtransition.slideLeftBigIn\u00a0\u00bb enable_delimiter=\u00a0\u00bb\u00a0\u00bb undefined=\u00a0\u00bb\u00a0\u00bb title_font_options=\u00a0\u00bbtag:h2|color:%23ffffff\u00a0\u00bb subtitle_font_options=\u00a0\u00bbtag:div|color:%23ffffff\u00a0\u00bb]<em class=\"dfd-textmodule-featured-decoration\">L&rsquo;IMPORTANCE DE L&rsquo;\u00c9NERGIE RENOUVELABLE<\/em><br \/>\nINFRASTRUCTURE ET VILLES<\/p>\n<p>[\/dfd_heading][dfd_spacer screen_wide_spacer_size=\u00a0\u00bb20&Prime; screen_normal_resolution=\u00a0\u00bb1024&Prime; screen_tablet_resolution=\u00a0\u00bb800&Prime; screen_mobile_resolution=\u00a0\u00bb480&Prime;][dfd_animated_text style=\u00a0\u00bbtyped\u00a0\u00bb module_animation=\u00a0\u00bbtransition.slideLeftBigIn\u00a0\u00bb prefix=\u00a0\u00bb\u00a0\u00bb text_fields=\u00a0\u00bb%5B%7B%22text_field%22%3A%22Villes%22%2C%22text_field_color%22%3A%22%23272727%22%2C%22text_field_background%22%3A%22%23ffffff%22%7D%2C%7B%22text_field%22%3A%22R%C3%A9seaux%20%C3%89lectriques%22%2C%22text_field_color%22%3A%22%23272727%22%2C%22text_field_background%22%3A%22%23ffffff%22%7D%2C%7B%22text_field%22%3A%22B%C3%A2timent%20%C3%89conome%22%2C%22text_field_color%22%3A%22%23272727%22%2C%22text_field_background%22%3A%22%23ffffff%22%7D%2C%7B%22text_field%22%3A%22Mobilit%C3%A9%22%2C%22text_field_color%22%3A%22%23272727%22%2C%22text_field_background%22%3A%22%23ffffff%22%7D%2C%7B%22text_field%22%3A%22S%C3%A9curit%C3%A9%20S%C3%BBret%C3%A9%22%2C%22text_field_color%22%3A%22%23272727%22%2C%22text_field_background%22%3A%22%23ffffff%22%7D%2C%7B%22text_field%22%3A%22Eau%20et%20Eaux%20us%C3%A9es%22%2C%22text_field_color%22%3A%22%23272727%22%2C%22text_field_background%22%3A%22%23ffffff%22%7D%5D\u00a0\u00bb postfix=\u00a0\u00bb\u00a0\u00bb el_class=\u00a0\u00bbtextanimate\u00a0\u00bb prefix_color=\u00a0\u00bb#ffffff\u00a0\u00bb postfix_color=\u00a0\u00bb#ffffff\u00a0\u00bb][\/vc_column][vc_column width=\u00a0\u00bb1\/3&Prime;][\/vc_column][\/vc_row][vc_row anchor=\u00a0\u00bbvilles\u00a0\u00bb dfd_bg_style=\u00a0\u00bbimage\u00a0\u00bb dfd_bg_image_new=\u00a0\u00bb1077&Prime; dfd_bg_image_repeat=\u00a0\u00bbno-repeat\u00a0\u00bb][vc_column width=\u00a0\u00bb1\/2&Prime;][dfd_heading subtitle=\u00a0\u00bb\u00a0\u00bb content_alignment=\u00a0\u00bbtext-left\u00a0\u00bb module_animation=\u00a0\u00bbtransition.slideLeftBigIn\u00a0\u00bb enable_delimiter=\u00a0\u00bb\u00a0\u00bb undefined=\u00a0\u00bb\u00a0\u00bb title_font_options=\u00a0\u00bbtag:h2|color:%23ffffff\u00a0\u00bb subtitle_font_options=\u00a0\u00bbtag:div|color:%23ffffff\u00a0\u00bb]Construction[\/dfd_heading][dfd_spacer screen_wide_spacer_size=\u00a0\u00bb20&Prime; screen_normal_resolution=\u00a0\u00bb1024&Prime; screen_tablet_resolution=\u00a0\u00bb800&Prime; screen_mobile_resolution=\u00a0\u00bb480&Prime;][vc_column_text item_animation=\u00a0\u00bbtransition.slideLeftBigIn\u00a0\u00bb]<span style=\"color: #ffffff;\">La durabilit\u00e9 urbaine est l&rsquo;une des questions mondiales les plus critiques d&rsquo;aujourd&rsquo;hui. Il est essentiel de rendre les villes plus efficaces et plus propres afin que nous vivions et nous fournissions un avenir meilleur pour notre plan\u00e8te.<\/span>[\/vc_column_text][\/vc_column][vc_column width=\u00a0\u00bb1\/2&Prime;][\/vc_column][\/vc_row][vc_row anchor=\u00a0\u00bbreseaux-electriques\u00a0\u00bb dfd_bg_style=\u00a0\u00bbimage\u00a0\u00bb dfd_bg_image_new=\u00a0\u00bb1071&Prime; dfd_bg_image_repeat=\u00a0\u00bbno-repeat\u00a0\u00bb][vc_column width=\u00a0\u00bb1\/2&Prime;][dfd_heading subtitle=\u00a0\u00bb\u00a0\u00bb content_alignment=\u00a0\u00bbtext-left\u00a0\u00bb module_animation=\u00a0\u00bbtransition.slideLeftBigIn\u00a0\u00bb enable_delimiter=\u00a0\u00bb\u00a0\u00bb undefined=\u00a0\u00bb\u00a0\u00bb title_font_options=\u00a0\u00bbtag:h2|color:%23ffffff\u00a0\u00bb subtitle_font_options=\u00a0\u00bbtag:div|color:%23ffffff\u00a0\u00bb]Infrastructure[\/dfd_heading][dfd_spacer screen_wide_spacer_size=\u00a0\u00bb20&Prime; screen_normal_resolution=\u00a0\u00bb1024&Prime; screen_tablet_resolution=\u00a0\u00bb800&Prime; screen_mobile_resolution=\u00a0\u00bb480&Prime;][vc_column_text item_animation=\u00a0\u00bbtransition.slideLeftBigIn\u00a0\u00bb]<span style=\"color: #ffffff;\">Nous offrons une gamme de syst\u00e8mes pour am\u00e9liorer l&rsquo;efficacit\u00e9 \u00e9nerg\u00e9tique, fournir des solutions globales de transmission et de distribution pour les r\u00e9seaux \u00e9lectriques.<\/span>[\/vc_column_text][\/vc_column][vc_column width=\u00a0\u00bb1\/2&Prime;][\/vc_column][\/vc_row][vc_row anchor=\u00a0\u00bbbatiments-econome\u00a0\u00bb dfd_bg_style=\u00a0\u00bbimage\u00a0\u00bb dfd_bg_image_new=\u00a0\u00bb1067&Prime; dfd_bg_image_repeat=\u00a0\u00bbno-repeat\u00a0\u00bb][vc_column width=\u00a0\u00bb1\/2&Prime;][dfd_heading subtitle=\u00a0\u00bb\u00a0\u00bb content_alignment=\u00a0\u00bbtext-left\u00a0\u00bb module_animation=\u00a0\u00bbtransition.slideLeftBigIn\u00a0\u00bb enable_delimiter=\u00a0\u00bb\u00a0\u00bb undefined=\u00a0\u00bb\u00a0\u00bb title_font_options=\u00a0\u00bbtag:h2|color:%23ffffff\u00a0\u00bb subtitle_font_options=\u00a0\u00bbtag:div|color:%23ffffff\u00a0\u00bb]Construction[\/dfd_heading][dfd_spacer screen_wide_spacer_size=\u00a0\u00bb20&Prime; screen_normal_resolution=\u00a0\u00bb1024&Prime; screen_tablet_resolution=\u00a0\u00bb800&Prime; screen_mobile_resolution=\u00a0\u00bb480&Prime;][vc_column_text item_animation=\u00a0\u00bbtransition.slideLeftBigIn\u00a0\u00bb]<span style=\"color: #ffffff;\">Nous offrons des technologies intelligentes et int\u00e9gr\u00e9es et des solutions \u00e9nerg\u00e9tiques automatis\u00e9es qui offrent des \u00e9conomies d&rsquo;\u00e9nergie, des performances et une durabilit\u00e9 maximales sans compromettre le confort.<\/span><\/p>\n<p>[\/vc_column_text][\/vc_column][vc_column width=\u00a0\u00bb1\/2&Prime;][\/vc_column][\/vc_row][vc_row anchor=\u00a0\u00bbmobilite\u00a0\u00bb dfd_bg_style=\u00a0\u00bbimage\u00a0\u00bb dfd_bg_image_new=\u00a0\u00bb1079&Prime; dfd_bg_image_repeat=\u00a0\u00bbno-repeat\u00a0\u00bb][vc_column width=\u00a0\u00bb1\/2&Prime;][dfd_heading subtitle=\u00a0\u00bb\u00a0\u00bb content_alignment=\u00a0\u00bbtext-left\u00a0\u00bb module_animation=\u00a0\u00bbtransition.slideLeftBigIn\u00a0\u00bb enable_delimiter=\u00a0\u00bb\u00a0\u00bb undefined=\u00a0\u00bb\u00a0\u00bb title_font_options=\u00a0\u00bbtag:h2|color:%23ffffff\u00a0\u00bb subtitle_font_options=\u00a0\u00bbtag:div|color:%23ffffff\u00a0\u00bb]Infrastructure[\/dfd_heading][dfd_spacer screen_wide_spacer_size=\u00a0\u00bb20&Prime; screen_normal_resolution=\u00a0\u00bb1024&Prime; screen_tablet_resolution=\u00a0\u00bb800&Prime; screen_mobile_resolution=\u00a0\u00bb480&Prime;][vc_column_text item_animation=\u00a0\u00bbtransition.slideLeftBigIn\u00a0\u00bb]<span style=\"color: #ffffff;\">Nous proposons une gamme de syst\u00e8mes pour am\u00e9liorer l&rsquo;efficacit\u00e9 \u00e9nerg\u00e9tique en fournissant des solutions compl\u00e8tes de transmission et de distribution d&rsquo;\u00e9nergie pour les r\u00e9seaux \u00e9lectriques.<\/span>[\/vc_column_text][\/vc_column][vc_column width=\u00a0\u00bb1\/2&Prime;][\/vc_column][\/vc_row][vc_row anchor=\u00a0\u00bbsafetyandsecurity\u00a0\u00bb dfd_bg_style=\u00a0\u00bbimage\u00a0\u00bb dfd_bg_image_new=\u00a0\u00bb1086&Prime; dfd_bg_image_repeat=\u00a0\u00bbno-repeat\u00a0\u00bb][vc_column width=\u00a0\u00bb1\/2&Prime;][dfd_heading subtitle=\u00a0\u00bb\u00a0\u00bb content_alignment=\u00a0\u00bbtext-left\u00a0\u00bb module_animation=\u00a0\u00bbtransition.slideLeftBigIn\u00a0\u00bb enable_delimiter=\u00a0\u00bb\u00a0\u00bb undefined=\u00a0\u00bb\u00a0\u00bb title_font_options=\u00a0\u00bbtag:h2|color:%23ffffff\u00a0\u00bb subtitle_font_options=\u00a0\u00bbtag:div|color:%23ffffff\u00a0\u00bb]Installations sp\u00e9ciales[\/dfd_heading][dfd_spacer screen_wide_spacer_size=\u00a0\u00bb20&Prime; screen_normal_resolution=\u00a0\u00bb1024&Prime; screen_tablet_resolution=\u00a0\u00bb800&Prime; screen_mobile_resolution=\u00a0\u00bb480&Prime;][vc_column_text item_animation=\u00a0\u00bbtransition.slideLeftBigIn\u00a0\u00bb]<span style=\"color: #ffffff;\">Nous int\u00e9grons de multiples syst\u00e8mes de s\u00e9curit\u00e9 afin de s\u00e9curiser les b\u00e2timents et les installations publiques avec nos syst\u00e8mes de vid\u00e9osurveillance. Nous proposons un portefeuille complet de produits de s\u00e9curit\u00e9 et s\u00e9curit\u00e9 incendie.<\/span><\/p>\n<p>[\/vc_column_text][\/vc_column][vc_column width=\u00a0\u00bb1\/2&Prime;][\/vc_column][\/vc_row][vc_row anchor=\u00a0\u00bbeau-eaux-us\u00e9es\u00a0\u00bb dfd_bg_style=\u00a0\u00bbimage\u00a0\u00bb dfd_bg_image_new=\u00a0\u00bb1093&Prime; dfd_bg_image_repeat=\u00a0\u00bbno-repeat\u00a0\u00bb][vc_column width=\u00a0\u00bb1\/2&Prime;][dfd_heading subtitle=\u00a0\u00bb\u00a0\u00bb content_alignment=\u00a0\u00bbtext-left\u00a0\u00bb module_animation=\u00a0\u00bbtransition.slideLeftBigIn\u00a0\u00bb enable_delimiter=\u00a0\u00bb\u00a0\u00bb undefined=\u00a0\u00bb\u00a0\u00bb title_font_options=\u00a0\u00bbtag:h2|color:%23ffffff\u00a0\u00bb subtitle_font_options=\u00a0\u00bbtag:div|color:%23ffffff\u00a0\u00bb]\u00c9nergie[\/dfd_heading][dfd_spacer screen_wide_spacer_size=\u00a0\u00bb20&Prime; screen_normal_resolution=\u00a0\u00bb1024&Prime; screen_tablet_resolution=\u00a0\u00bb800&Prime; screen_mobile_resolution=\u00a0\u00bb480&Prime;][vc_column_text item_animation=\u00a0\u00bbtransition.slideLeftBigIn\u00a0\u00bb]<span style=\"color: #ffffff;\">Nous reconnaissons l&rsquo;importance de la gestion de l&rsquo;eau et pouvons soutenir les clients avec une bonne capacit\u00e9 de r\u00e9ponse, proposant des solutions pour le traitement, le transport, la distribution et la gestion de l&rsquo;eau et des eaux us\u00e9es.<\/span><\/p>\n<p>[\/vc_column_text][\/vc_column][vc_column width=\u00a0\u00bb1\/2&Prime;][\/vc_column][\/vc_row]<\/p>\n<\/div>","protected":false},"excerpt":{"rendered":"<p>[vc_row anchor=\u00a0\u00bbintro\u00a0\u00bb dfd_bg_style=\u00a0\u00bbimage\u00a0\u00bb dfd_bg_image_new=\u00a0\u00bb1053&Prime; dfd_bg_image_repeat=\u00a0\u00bbno-repeat\u00a0\u00bb][vc_column width=\u00a0\u00bb2\/3&Prime; css=\u00a0\u00bb.vc_custom_1499247367505{padding-right: 2% !important;padding-left: 2% !important;}\u00a0\u00bb col_shadow=\u00a0\u00bbbox_shadow_enable:disable|shadow_horizontal:0|shadow_vertical:15|shadow_blur:50|shadow_spread:0|box_shadow_color:rgba(0%2C0%2C0%2C0.35)\u00a0\u00bb col_shadow_hover=\u00a0\u00bbbox_shadow_enable:disable|shadow_horizontal:0|shadow_vertical:15|shadow_blur:50|shadow_spread:0|box_shadow_color:rgba(0%2C0%2C0%2C0.35)\u00a0\u00bb][dfd_heading subtitle=\u00a0\u00bb\u00a0\u00bb content_alignment=\u00a0\u00bbtext-left\u00a0\u00bb module_animation=\u00a0\u00bbtransition.slideLeftBigIn\u00a0\u00bb enable_delimiter=\u00a0\u00bb\u00a0\u00bb undefined=\u00a0\u00bb\u00a0\u00bb title_font_options=\u00a0\u00bbtag:h2|color:%23ffffff\u00a0\u00bb subtitle_font_options=\u00a0\u00bbtag:div|color:%23ffffff\u00a0\u00bb]L&rsquo;IMPORTANCE DE L&rsquo;\u00c9NERGIE RENOUVELABLE INFRASTRUCTURE ET VILLES [\/dfd_heading][dfd_spacer screen_wide_spacer_size=\u00a0\u00bb20&Prime; screen_normal_resolution=\u00a0\u00bb1024&Prime; screen_tablet_resolution=\u00a0\u00bb800&Prime;<\/p>\n","protected":false},"author":1,"featured_media":0,"parent":0,"menu_order":0,"comment_status":"closed","ping_status":"closed","template":"tmp-one-page-scroll.php","meta":{"_acf_changed":false,"inline_featured_image":false,"footnotes":""},"yst_prominent_words":[240,234,218,236,239,227,222,235,232,230,237,238,135,233,231,229,219,221,215,226],"acf":[],"_links":{"self":[{"href":"https:\/\/www.grupodg.pt\/fr\/wp-json\/wp\/v2\/pages\/1283"}],"collection":[{"href":"https:\/\/www.grupodg.pt\/fr\/wp-json\/wp\/v2\/pages"}],"about":[{"href":"https:\/\/www.grupodg.pt\/fr\/wp-json\/wp\/v2\/types\/page"}],"author":[{"embeddable":true,"href":"https:\/\/www.grupodg.pt\/fr\/wp-json\/wp\/v2\/users\/1"}],"replies":[{"embeddable":true,"href":"https:\/\/www.grupodg.pt\/fr\/wp-json\/wp\/v2\/comments?post=1283"}],"version-history":[{"count":3,"href":"https:\/\/www.grupodg.pt\/fr\/wp-json\/wp\/v2\/pages\/1283\/revisions"}],"predecessor-version":[{"id":8082,"href":"https:\/\/www.grupodg.pt\/fr\/wp-json\/wp\/v2\/pages\/1283\/revisions\/8082"}],"wp:attachment":[{"href":"https:\/\/www.grupodg.pt\/fr\/wp-json\/wp\/v2\/media?parent=1283"}],"wp:term":[{"taxonomy":"yst_prominent_words","embeddable":true,"href":"https:\/\/www.grupodg.pt\/fr\/wp-json\/wp\/v2\/yst_prominent_words?post=1283"}],"curies":[{"name":"wp","href":"https:\/\/api.w.org\/{rel}","templated":true}]}}