{"id":1096,"date":"2017-08-01T15:10:35","date_gmt":"2017-08-01T15:10:35","guid":{"rendered":"http:\/\/umsoprodealegria.ibername.com\/~demos\/demodgnew.com\/?page_id=1096"},"modified":"2017-10-03T15:52:59","modified_gmt":"2017-10-03T15:52:59","slug":"apoios-2020","status":"publish","type":"page","link":"https:\/\/www.grupodg.pt\/pt-pt\/apoios-2020","title":{"rendered":"Apoios 2020"},"content":{"rendered":"<div class=\"wpb-content-wrapper\"><p>[vc_row css=&#8221;.vc_custom_1505839465859{padding-right: 5% !important;padding-left: 5% !important;}&#8221;][vc_column css=&#8221;.vc_custom_1505839703877{padding-top: 20px !important;padding-bottom: 60px !important;}&#8221; col_shadow=&#8221;box_shadow_enable:disable|shadow_horizontal:0|shadow_vertical:15|shadow_blur:50|shadow_spread:0|box_shadow_color:rgba(0%2C0%2C0%2C0.35)&#8221; col_shadow_hover=&#8221;box_shadow_enable:disable|shadow_horizontal:0|shadow_vertical:15|shadow_blur:50|shadow_spread:0|box_shadow_color:rgba(0%2C0%2C0%2C0.35)&#8221;][dfd_heading subtitle=&#8221;&#8221; content_alignment=&#8221;text-left&#8221; enable_delimiter=&#8221;&#8221; undefined=&#8221;&#8221; title_font_options=&#8221;tag:h3&#8243; subtitle_font_options=&#8221;tag:div&#8221;]Sistema de Incentivos<br \/>\n<em class=\"dfd-textmodule-featured-decoration\">\u201cInternacionaliza\u00e7\u00e3o das PME\u201d<\/em>[\/dfd_heading][\/vc_column][\/vc_row][vc_row css=&#8221;.vc_custom_1505839022305{padding-right: 5% !important;padding-bottom: 40px !important;padding-left: 5% !important;}&#8221;][vc_column width=&#8221;1\/3&#8243;][vc_column_text]<strong>N\u00ba do Projeto:<\/strong>[\/vc_column_text][\/vc_column][vc_column width=&#8221;2\/3&#8243;][vc_column_text]21419[\/vc_column_text][\/vc_column][\/vc_row][vc_row css=&#8221;.vc_custom_1505839022305{padding-right: 5% !important;padding-bottom: 40px !important;padding-left: 5% !important;}&#8221;][vc_column width=&#8221;1\/3&#8243;][vc_column_text]<strong>Designa\u00e7\u00e3o do Projeto:<\/strong>[\/vc_column_text][\/vc_column][vc_column width=&#8221;2\/3&#8243;][vc_column_text]Diversifica\u00e7\u00e3o dos mercados da CDH.<br \/>\n[\/vc_column_text][\/vc_column][\/vc_row][vc_row css=&#8221;.vc_custom_1505839066419{padding-right: 5% !important;padding-bottom: 40px !important;padding-left: 5% !important;}&#8221;][vc_column width=&#8221;1\/3&#8243;][vc_column_text]<strong>Custo total eleg\u00edvel:<\/strong>[\/vc_column_text][\/vc_column][vc_column width=&#8221;2\/3&#8243;][vc_column_text]311.737,74 EUR[\/vc_column_text][\/vc_column][\/vc_row][vc_row css=&#8221;.vc_custom_1505839085177{padding-right: 5% !important;padding-bottom: 40px !important;padding-left: 5% !important;}&#8221;][vc_column width=&#8221;1\/3&#8243;][vc_column_text]<\/p>\n<p><strong>Apoio financeiro da Uni\u00e3o Europeia:<\/strong><\/p>\n<p>[\/vc_column_text][\/vc_column][vc_column width=&#8221;2\/3&#8243;][vc_column_text]142.675,57 EUR<br \/>\n[\/vc_column_text][\/vc_column][\/vc_row][vc_row css=&#8221;.vc_custom_1505839094846{padding-right: 5% !important;padding-bottom: 40px !important;padding-left: 5% !important;}&#8221;][vc_column width=&#8221;1\/3&#8243;][vc_column_text]<strong>Objetivos do Projeto:<\/strong>[\/vc_column_text][\/vc_column][vc_column width=&#8221;2\/3&#8243;][vc_column_text]Refor\u00e7o da capacita\u00e7\u00e3o da CDH para a internacionaliza\u00e7\u00e3o, com vista a promover o aumento das exporta\u00e7\u00f5es, atrav\u00e9s da realiza\u00e7\u00e3o de a\u00e7\u00f5es de prospe\u00e7\u00e3o e presen\u00e7a em mercados internacionais, conce\u00e7\u00e3o e produ\u00e7\u00e3o de material promocional e contrata\u00e7\u00e3o de quadro superior.[\/vc_column_text][\/vc_column][\/vc_row][vc_row css=&#8221;.vc_custom_1505839104234{padding-right: 5% !important;padding-bottom: 40px !important;padding-left: 5% !important;}&#8221;][vc_column width=&#8221;1\/3&#8243;][vc_column_text]<strong>Resultados esperados:<\/strong>[\/vc_column_text][\/vc_column][vc_column width=&#8221;2\/3&#8243;][vc_column_text]Atingir em 2019 um volume de neg\u00f3cios de 10M\u20ac; Diversificar os mercados de destino com entrada em 6 novos mercados; Novo website online at\u00e9 final de 2017. [\/vc_column_text][\/vc_column][\/vc_row][vc_row css=&#8221;.vc_custom_1505840346310{padding-right: 5% !important;padding-bottom: 60px !important;padding-left: 5% !important;}&#8221;][vc_column width=&#8221;1\/3&#8243;][vc_column_text]<strong>Prazo de conclus\u00e3o:<\/strong>[\/vc_column_text][\/vc_column][vc_column width=&#8221;2\/3&#8243;][vc_column_text]Junho de 2018[\/vc_column_text][\/vc_column][\/vc_row][vc_row css=&#8221;.vc_custom_1505840116192{padding-right: 5% !important;padding-bottom: 60px !important;padding-left: 5% !important;}&#8221;][vc_column width=&#8221;1\/2&#8243;][vc_column_text]<strong>Cofinanciado por:\u00a0<\/strong>[\/vc_column_text][dfd_spacer screen_wide_spacer_size=&#8221;25&#8243; screen_normal_resolution=&#8221;1024&#8243; screen_tablet_resolution=&#8221;800&#8243; screen_mobile_resolution=&#8221;480&#8243;][vc_column_text]<img loading=\"lazy\" decoding=\"async\" class=\"alignnone size-full wp-image-3379\" src=\"https:\/\/www.grupodg.pt\/wp-content\/uploads\/2017\/09\/Modelos-Barras-FUNDOS-v04_3logos-FEEI_a-2-1.png\" alt=\"Modelos-Barras-FUNDOS-v04_3logos-FEEI_a\" width=\"1600\" height=\"200\" \/>[\/vc_column_text][\/vc_column][vc_column width=&#8221;1\/2&#8243;][\/vc_column][\/vc_row]<\/p>\n<\/div>","protected":false},"excerpt":{"rendered":"<p>[vc_row css=&#8221;.vc_custom_1505839465859{padding-right: 5% !important;padding-left: 5% !important;}&#8221;][vc_column css=&#8221;.vc_custom_1505839703877{padding-top: 20px !important;padding-bottom: 60px !important;}&#8221; col_shadow=&#8221;box_shadow_enable:disable|shadow_horizontal:0|shadow_vertical:15|shadow_blur:50|shadow_spread:0|box_shadow_color:rgba(0%2C0%2C0%2C0.35)&#8221; col_shadow_hover=&#8221;box_shadow_enable:disable|shadow_horizontal:0|shadow_vertical:15|shadow_blur:50|shadow_spread:0|box_shadow_color:rgba(0%2C0%2C0%2C0.35)&#8221;][dfd_heading subtitle=&#8221;&#8221; content_alignment=&#8221;text-left&#8221; enable_delimiter=&#8221;&#8221; undefined=&#8221;&#8221; title_font_options=&#8221;tag:h3&#8243; subtitle_font_options=&#8221;tag:div&#8221;]Sistema de Incentivos \u201cInternacionaliza\u00e7\u00e3o das PME\u201d[\/dfd_heading][\/vc_column][\/vc_row][vc_row css=&#8221;.vc_custom_1505839022305{padding-right: 5% !important;padding-bottom: 40px !important;padding-left: 5%<\/p>\n","protected":false},"author":1,"featured_media":0,"parent":0,"menu_order":0,"comment_status":"closed","ping_status":"closed","template":"","meta":{"_acf_changed":false,"inline_featured_image":false,"footnotes":""},"yst_prominent_words":[286,288,282,281,289,106,276,287,285,283,284],"acf":[],"_links":{"self":[{"href":"https:\/\/www.grupodg.pt\/pt-pt\/wp-json\/wp\/v2\/pages\/1096"}],"collection":[{"href":"https:\/\/www.grupodg.pt\/pt-pt\/wp-json\/wp\/v2\/pages"}],"about":[{"href":"https:\/\/www.grupodg.pt\/pt-pt\/wp-json\/wp\/v2\/types\/page"}],"author":[{"embeddable":true,"href":"https:\/\/www.grupodg.pt\/pt-pt\/wp-json\/wp\/v2\/users\/1"}],"replies":[{"embeddable":true,"href":"https:\/\/www.grupodg.pt\/pt-pt\/wp-json\/wp\/v2\/comments?post=1096"}],"version-history":[{"count":1,"href":"https:\/\/www.grupodg.pt\/pt-pt\/wp-json\/wp\/v2\/pages\/1096\/revisions"}],"predecessor-version":[{"id":7415,"href":"https:\/\/www.grupodg.pt\/pt-pt\/wp-json\/wp\/v2\/pages\/1096\/revisions\/7415"}],"wp:attachment":[{"href":"https:\/\/www.grupodg.pt\/pt-pt\/wp-json\/wp\/v2\/media?parent=1096"}],"wp:term":[{"taxonomy":"yst_prominent_words","embeddable":true,"href":"https:\/\/www.grupodg.pt\/pt-pt\/wp-json\/wp\/v2\/yst_prominent_words?post=1096"}],"curies":[{"name":"wp","href":"https:\/\/api.w.org\/{rel}","templated":true}]}}