{"id":1332,"date":"2017-09-27T23:38:46","date_gmt":"2017-09-27T23:38:46","guid":{"rendered":"https:\/\/www.grupodg.pt\/infraestructuras-y-ciudades"},"modified":"2024-02-19T16:11:37","modified_gmt":"2024-02-19T16:11:37","slug":"infra-estruturas-e-cidades","status":"publish","type":"page","link":"https:\/\/www.grupodg.pt\/pt-pt\/infra-estruturas-e-cidades","title":{"rendered":"Infra-estruturas e Cidades"},"content":{"rendered":"<div class=\"wpb-content-wrapper\"><p>[vc_row anchor=&#8221;intro&#8221; dfd_bg_style=&#8221;image&#8221; dfd_bg_image_new=&#8221;7806&#8243; dfd_bg_image_repeat=&#8221;no-repeat&#8221; dfd_bg_image_position=&#8221;top&#8221; dfd_enable_overlay=&#8221;yes&#8221; dfd_overlay_color=&#8221;#0a0a0a&#8221; dfd_overlay_pattern_opacity=&#8221;10&#8243;][vc_column width=&#8221;2\/3&#8243; css=&#8221;.vc_custom_1499247367505{padding-right: 2% !important;padding-left: 2% !important;}&#8221; col_shadow=&#8221;box_shadow_enable:disable|shadow_horizontal:0|shadow_vertical:15|shadow_blur:50|shadow_spread:0|box_shadow_color:rgba(0%2C0%2C0%2C0.35)&#8221; col_shadow_hover=&#8221;box_shadow_enable:disable|shadow_horizontal:0|shadow_vertical:15|shadow_blur:50|shadow_spread:0|box_shadow_color:rgba(0%2C0%2C0%2C0.35)&#8221;][dfd_heading subtitle=&#8221;&#8221; content_alignment=&#8221;text-left&#8221; module_animation=&#8221;transition.slideLeftBigIn&#8221; enable_delimiter=&#8221;&#8221; undefined=&#8221;&#8221; title_font_options=&#8221;tag:h2|color:%23ffffff&#8221; subtitle_font_options=&#8221;tag:div|color:%23ffffff&#8221;]<em class=\"dfd-textmodule-featured-decoration\">A IMPORT\u00c2NCIA DAS<br \/>\nENERG\u00c9TICAS SUSTENT\u00c1VEIS<\/em><br \/>\nINFRA-ESTRUTURAS E CIDADES<\/p>\n<p>[\/dfd_heading][dfd_spacer screen_wide_spacer_size=&#8221;20&#8243; screen_normal_resolution=&#8221;1024&#8243; screen_tablet_resolution=&#8221;800&#8243; screen_mobile_resolution=&#8221;480&#8243;][dfd_animated_text style=&#8221;typed&#8221; module_animation=&#8221;transition.slideLeftBigIn&#8221; prefix=&#8221;&#8221; text_fields=&#8221;%5B%7B%22text_field%22%3A%22Cidades%22%2C%22text_field_color%22%3A%22%23272727%22%2C%22text_field_background%22%3A%22%23ffffff%22%7D%2C%7B%22text_field%22%3A%22Redes%20de%20Energia%22%2C%22text_field_color%22%3A%22%23272727%22%2C%22text_field_background%22%3A%22%23ffffff%22%7D%2C%7B%22text_field%22%3A%22Edificios%20eficientes%22%2C%22text_field_color%22%3A%22%23272727%22%2C%22text_field_background%22%3A%22%23ffffff%22%7D%2C%7B%22text_field%22%3A%22Mobilidade%22%2C%22text_field_color%22%3A%22%23272727%22%2C%22text_field_background%22%3A%22%23ffffff%22%7D%2C%7B%22text_field%22%3A%22Seguran%C3%A7a%20e%20Prote%C3%A7%C3%A3o%22%2C%22text_field_color%22%3A%22%23272727%22%2C%22text_field_background%22%3A%22%23ffffff%22%7D%2C%7B%22text_field%22%3A%22%C3%81gua%20e%20%C3%81guas%20Residuais%22%2C%22text_field_color%22%3A%22%23272727%22%2C%22text_field_background%22%3A%22%23ffffff%22%7D%5D&#8221; postfix=&#8221;&#8221; el_class=&#8221;textanimate&#8221; prefix_color=&#8221;#ffffff&#8221; postfix_color=&#8221;#ffffff&#8221;][\/vc_column][vc_column width=&#8221;1\/3&#8243;][\/vc_column][\/vc_row][vc_row anchor=&#8221;Cidades&#8221; dfd_bg_style=&#8221;image&#8221; dfd_bg_image_new=&#8221;7844&#8243; dfd_bg_image_repeat=&#8221;no-repeat&#8221; dfd_bg_image_position=&#8221;bottom&#8221; dfd_enable_overlay=&#8221;yes&#8221; dfd_overlay_color=&#8221;#0a0a0a&#8221; dfd_overlay_pattern_opacity=&#8221;30&#8243;][vc_column width=&#8221;1\/2&#8243;][dfd_heading subtitle=&#8221;&#8221; content_alignment=&#8221;text-left&#8221; module_animation=&#8221;transition.slideLeftBigIn&#8221; enable_delimiter=&#8221;&#8221; undefined=&#8221;&#8221; title_font_options=&#8221;tag:h2|color:%23ffffff&#8221; subtitle_font_options=&#8221;tag:div|color:%23ffffff&#8221;]Constru\u00e7\u00e3o[\/dfd_heading][dfd_spacer screen_wide_spacer_size=&#8221;20&#8243; screen_normal_resolution=&#8221;1024&#8243; screen_tablet_resolution=&#8221;800&#8243; screen_mobile_resolution=&#8221;480&#8243;][vc_column_text item_animation=&#8221;transition.slideLeftBigIn&#8221;]<span style=\"color: #ffffff;\">A sustentabilidade urbana \u00e9 uma das quest\u00f5es globais mais cr\u00edticas da atualidade. \u00c9 fundamental tornar as cidades mais eficientes e limpas para vivermos melhor e proporcionarmos um futuro melhor ao nosso planeta.<\/span>[\/vc_column_text][\/vc_column][vc_column width=&#8221;1\/2&#8243;][\/vc_column][\/vc_row][vc_row anchor=&#8221;RedesdeEnergia&#8221; dfd_bg_style=&#8221;image&#8221; dfd_bg_image_new=&#8221;7826&#8243; dfd_bg_image_repeat=&#8221;no-repeat&#8221; dfd_bg_image_position=&#8221;bottom&#8221; dfd_enable_overlay=&#8221;yes&#8221; dfd_overlay_color=&#8221;#0a0a0a&#8221; dfd_overlay_pattern_opacity=&#8221;20&#8243;][vc_column width=&#8221;1\/2&#8243;][dfd_heading subtitle=&#8221;&#8221; content_alignment=&#8221;text-left&#8221; module_animation=&#8221;transition.slideLeftBigIn&#8221; enable_delimiter=&#8221;&#8221; undefined=&#8221;&#8221; title_font_options=&#8221;tag:h2|color:%23ffffff&#8221; subtitle_font_options=&#8221;tag:div|color:%23ffffff&#8221;]Infraestruturas[\/dfd_heading][dfd_spacer screen_wide_spacer_size=&#8221;20&#8243; screen_normal_resolution=&#8221;1024&#8243; screen_tablet_resolution=&#8221;800&#8243; screen_mobile_resolution=&#8221;480&#8243;][vc_column_text item_animation=&#8221;transition.slideLeftBigIn&#8221;]<span style=\"color: #ffffff;\">A mobilidade sustent\u00e1vel \u00e9 um requisito fundamental para o desenvolvimento urbano. Assim, somos capazes de oferecer uma ampla gama de solu\u00e7\u00f5es de mobilidade integradas de transporte urbano, transporte interurbano e log\u00edstica.<\/span>[\/vc_column_text][\/vc_column][vc_column width=&#8221;1\/2&#8243;][\/vc_column][\/vc_row][vc_row anchor=&#8221;Edif\u00edciosEficientes&#8221; dfd_bg_style=&#8221;image&#8221; dfd_bg_image_new=&#8221;7848&#8243; dfd_bg_image_repeat=&#8221;no-repeat&#8221; dfd_bg_image_position=&#8221;center center&#8221;][vc_column width=&#8221;1\/2&#8243;][dfd_heading subtitle=&#8221;&#8221; content_alignment=&#8221;text-left&#8221; module_animation=&#8221;transition.slideLeftBigIn&#8221; enable_delimiter=&#8221;&#8221; undefined=&#8221;&#8221; title_font_options=&#8221;tag:h2|color:%23ffffff&#8221; subtitle_font_options=&#8221;tag:div|color:%23ffffff&#8221;]Constru\u00e7\u00e3o[\/dfd_heading][dfd_spacer screen_wide_spacer_size=&#8221;20&#8243; screen_normal_resolution=&#8221;1024&#8243; screen_tablet_resolution=&#8221;800&#8243; screen_mobile_resolution=&#8221;480&#8243;][vc_column_text item_animation=&#8221;transition.slideLeftBigIn&#8221;]<span style=\"color: #ffffff;\">Oferecemos tecnologias integradas, inteligentes e solu\u00e7\u00f5es de energia automatizados que proporcionam economia de energia ao m\u00e1ximo, desempenho e sustentabilidade, sem comprometer o conforto.<\/span>[\/vc_column_text][\/vc_column][vc_column width=&#8221;1\/2&#8243;][\/vc_column][\/vc_row][vc_row anchor=&#8221;Mobilidade&#8221; dfd_bg_style=&#8221;image&#8221; dfd_bg_image_new=&#8221;7830&#8243; dfd_bg_image_repeat=&#8221;no-repeat&#8221; dfd_bg_image_position=&#8221;center center&#8221; dfd_enable_overlay=&#8221;yes&#8221; dfd_overlay_color=&#8221;#0a0a0a&#8221; dfd_overlay_pattern_opacity=&#8221;10&#8243;][vc_column width=&#8221;1\/2&#8243;][dfd_heading subtitle=&#8221;&#8221; content_alignment=&#8221;text-left&#8221; module_animation=&#8221;transition.slideLeftBigIn&#8221; enable_delimiter=&#8221;&#8221; undefined=&#8221;&#8221; title_font_options=&#8221;tag:h2|color:%23ffffff&#8221; subtitle_font_options=&#8221;tag:div|color:%23ffffff&#8221;]Infraestruturas[\/dfd_heading][dfd_spacer screen_wide_spacer_size=&#8221;20&#8243; screen_normal_resolution=&#8221;1024&#8243; screen_tablet_resolution=&#8221;800&#8243; screen_mobile_resolution=&#8221;480&#8243;][vc_column_text item_animation=&#8221;transition.slideLeftBigIn&#8221;]<span style=\"color: #ffffff;\">Oferecemos uma gama de sistemas para melhorar a efici\u00eancia energ\u00e9tica, fornecendo solu\u00e7\u00f5es abrangentes de transmiss\u00e3o e distribui\u00e7\u00e3o de energia para redes el\u00e9ctricas.<\/span>[\/vc_column_text][\/vc_column][vc_column width=&#8221;1\/2&#8243;][\/vc_column][\/vc_row][vc_row anchor=&#8221;Seguran\u00e7aeProte\u00e7\u00e3o&#8221; dfd_bg_style=&#8221;image&#8221; dfd_bg_image_new=&#8221;7834&#8243; dfd_bg_image_repeat=&#8221;no-repeat&#8221; dfd_bg_image_position=&#8221;center center&#8221; dfd_enable_overlay=&#8221;yes&#8221; dfd_overlay_color=&#8221;#0a0a0a&#8221; dfd_overlay_pattern_opacity=&#8221;10&#8243;][vc_column width=&#8221;1\/2&#8243;][dfd_heading subtitle=&#8221;&#8221; content_alignment=&#8221;text-left&#8221; module_animation=&#8221;transition.slideLeftBigIn&#8221; enable_delimiter=&#8221;&#8221; undefined=&#8221;&#8221; title_font_options=&#8221;tag:h2|color:%23ffffff&#8221; subtitle_font_options=&#8221;tag:div|color:%23ffffff&#8221;]Instala\u00e7\u00f5es Especiais[\/dfd_heading][dfd_spacer screen_wide_spacer_size=&#8221;20&#8243; screen_normal_resolution=&#8221;1024&#8243; screen_tablet_resolution=&#8221;800&#8243; screen_mobile_resolution=&#8221;480&#8243;][vc_column_text item_animation=&#8221;transition.slideLeftBigIn&#8221;]<span style=\"color: #ffffff;\">Integramos v\u00e1rios sistemas de seguran\u00e7a para manter os edif\u00edcios e instala\u00e7\u00f5es p\u00fablicas seguras com os nossos sistemas de videovigil\u00e2ncia. Oferecemos um portf\u00f3lio completo de produtos de seguran\u00e7a e prote\u00e7\u00e3o.<\/span>[\/vc_column_text][\/vc_column][vc_column width=&#8221;1\/2&#8243;][\/vc_column][\/vc_row][vc_row anchor=&#8221;\u00c1guaeAguasResiduais&#8221; dfd_bg_style=&#8221;image&#8221; dfd_bg_image_new=&#8221;7838&#8243; dfd_bg_image_repeat=&#8221;no-repeat&#8221; dfd_bg_image_position=&#8221;left&#8221;][vc_column width=&#8221;1\/2&#8243; dfd_column_responsive_enable=&#8221;dfd-column-responsive-enable&#8221; col_shadow=&#8221;box_shadow_enable:disable|shadow_horizontal:0|shadow_vertical:15|shadow_blur:50|shadow_spread:0|box_shadow_color:rgba(0%2C0%2C0%2C0.35)&#8221; col_shadow_hover=&#8221;box_shadow_enable:disable|shadow_horizontal:0|shadow_vertical:15|shadow_blur:50|shadow_spread:0|box_shadow_color:rgba(0%2C0%2C0%2C0.35)&#8221; responsive_styles=&#8221;padding_right_desktop:60|padding_right_tablet:0|padding_right_mobile:0&#8243; css=&#8221;.vc_custom_1705601619683{padding-right: 60px !important;}&#8221;][dfd_heading subtitle=&#8221;&#8221; content_alignment=&#8221;text-left&#8221; module_animation=&#8221;transition.slideLeftBigIn&#8221; enable_delimiter=&#8221;&#8221; undefined=&#8221;&#8221; title_font_options=&#8221;tag:h2|color:%23ffffff&#8221; subtitle_font_options=&#8221;tag:div|color:%23ffffff&#8221;]Energia[\/dfd_heading][dfd_spacer screen_wide_spacer_size=&#8221;20&#8243; screen_normal_resolution=&#8221;1024&#8243; screen_tablet_resolution=&#8221;800&#8243; screen_mobile_resolution=&#8221;480&#8243;][vc_column_text item_animation=&#8221;transition.slideLeftBigIn&#8221;]<span style=\"color: #ffffff;\">Reconhecemos a import\u00e2ncia da gest\u00e3o da \u00e1gua e pode apoiar os clientes com as respostas certas, oferecendo solu\u00e7\u00f5es para \u00e1gua e tratamento de esgoto, transporte, distribui\u00e7\u00e3o e gest\u00e3o.<\/span>[\/vc_column_text][\/vc_column][vc_column width=&#8221;1\/2&#8243;][\/vc_column][\/vc_row]<\/p>\n<\/div>","protected":false},"excerpt":{"rendered":"<p>[vc_row anchor=&#8221;intro&#8221; dfd_bg_style=&#8221;image&#8221; dfd_bg_image_new=&#8221;7806&#8243; dfd_bg_image_repeat=&#8221;no-repeat&#8221; dfd_bg_image_position=&#8221;top&#8221; dfd_enable_overlay=&#8221;yes&#8221; dfd_overlay_color=&#8221;#0a0a0a&#8221; dfd_overlay_pattern_opacity=&#8221;10&#8243;][vc_column width=&#8221;2\/3&#8243; css=&#8221;.vc_custom_1499247367505{padding-right: 2% !important;padding-left: 2% !important;}&#8221; col_shadow=&#8221;box_shadow_enable:disable|shadow_horizontal:0|shadow_vertical:15|shadow_blur:50|shadow_spread:0|box_shadow_color:rgba(0%2C0%2C0%2C0.35)&#8221; col_shadow_hover=&#8221;box_shadow_enable:disable|shadow_horizontal:0|shadow_vertical:15|shadow_blur:50|shadow_spread:0|box_shadow_color:rgba(0%2C0%2C0%2C0.35)&#8221;][dfd_heading subtitle=&#8221;&#8221; content_alignment=&#8221;text-left&#8221; module_animation=&#8221;transition.slideLeftBigIn&#8221; enable_delimiter=&#8221;&#8221; undefined=&#8221;&#8221; title_font_options=&#8221;tag:h2|color:%23ffffff&#8221; subtitle_font_options=&#8221;tag:div|color:%23ffffff&#8221;]A IMPORT\u00c2NCIA DAS ENERG\u00c9TICAS SUSTENT\u00c1VEIS INFRA-ESTRUTURAS E<\/p>\n","protected":false},"author":1,"featured_media":0,"parent":0,"menu_order":0,"comment_status":"closed","ping_status":"closed","template":"tmp-one-page-scroll.php","meta":{"_acf_changed":false,"inline_featured_image":false,"footnotes":""},"yst_prominent_words":[133,106,112,55,298,299,58,113,119,47,135,110,291,290,300,297,124,294,301,277],"acf":[],"_links":{"self":[{"href":"https:\/\/www.grupodg.pt\/pt-pt\/wp-json\/wp\/v2\/pages\/1332"}],"collection":[{"href":"https:\/\/www.grupodg.pt\/pt-pt\/wp-json\/wp\/v2\/pages"}],"about":[{"href":"https:\/\/www.grupodg.pt\/pt-pt\/wp-json\/wp\/v2\/types\/page"}],"author":[{"embeddable":true,"href":"https:\/\/www.grupodg.pt\/pt-pt\/wp-json\/wp\/v2\/users\/1"}],"replies":[{"embeddable":true,"href":"https:\/\/www.grupodg.pt\/pt-pt\/wp-json\/wp\/v2\/comments?post=1332"}],"version-history":[{"count":5,"href":"https:\/\/www.grupodg.pt\/pt-pt\/wp-json\/wp\/v2\/pages\/1332\/revisions"}],"predecessor-version":[{"id":8081,"href":"https:\/\/www.grupodg.pt\/pt-pt\/wp-json\/wp\/v2\/pages\/1332\/revisions\/8081"}],"wp:attachment":[{"href":"https:\/\/www.grupodg.pt\/pt-pt\/wp-json\/wp\/v2\/media?parent=1332"}],"wp:term":[{"taxonomy":"yst_prominent_words","embeddable":true,"href":"https:\/\/www.grupodg.pt\/pt-pt\/wp-json\/wp\/v2\/yst_prominent_words?post=1332"}],"curies":[{"name":"wp","href":"https:\/\/api.w.org\/{rel}","templated":true}]}}