{"id":1337,"date":"2017-09-27T23:12:27","date_gmt":"2017-09-27T23:12:27","guid":{"rendered":"https:\/\/www.grupodg.pt\/services"},"modified":"2024-02-19T16:10:37","modified_gmt":"2024-02-19T16:10:37","slug":"servicos","status":"publish","type":"page","link":"https:\/\/www.grupodg.pt\/pt-pt\/servicos","title":{"rendered":"Servi\u00e7os"},"content":{"rendered":"<div class=\"wpb-content-wrapper\"><p>[vc_row anchor=&#8221;intro&#8221; dfd_bg_style=&#8221;image&#8221; dfd_bg_image_new=&#8221;697&#8243; dfd_bg_image_repeat=&#8221;no-repeat&#8221;][vc_column width=&#8221;1\/2&#8243; css=&#8221;.vc_custom_1499247367505{padding-right: 2% !important;padding-left: 2% !important;}&#8221; col_shadow=&#8221;box_shadow_enable:disable|shadow_horizontal:0|shadow_vertical:15|shadow_blur:50|shadow_spread:0|box_shadow_color:rgba(0%2C0%2C0%2C0.35)&#8221; col_shadow_hover=&#8221;box_shadow_enable:disable|shadow_horizontal:0|shadow_vertical:15|shadow_blur:50|shadow_spread:0|box_shadow_color:rgba(0%2C0%2C0%2C0.35)&#8221;][dfd_heading subtitle=&#8221;&#8221; content_alignment=&#8221;text-left&#8221; module_animation=&#8221;transition.slideLeftBigIn&#8221; enable_delimiter=&#8221;&#8221; undefined=&#8221;&#8221; title_font_options=&#8221;tag:h2|color:%23ffffff&#8221; subtitle_font_options=&#8221;tag:div|color:%23ffffff&#8221;]<em class=\"dfd-textmodule-featured-decoration\">Desenhamos, desenvolvemos<br \/>\ne instalamos <\/em> Servi\u00e7os Integrados[\/dfd_heading][dfd_spacer screen_wide_spacer_size=&#8221;20&#8243; screen_normal_resolution=&#8221;1024&#8243; screen_tablet_resolution=&#8221;800&#8243; screen_mobile_resolution=&#8221;480&#8243;][dfd_animated_text style=&#8221;typed&#8221; module_animation=&#8221;transition.slideLeftBigIn&#8221; prefix=&#8221;&#8221; text_fields=&#8221;%5B%7B%22text_field%22%3A%22Eletricidade%22%2C%22text_field_color%22%3A%22%23272727%22%2C%22text_field_background%22%3A%22%23ffffff%22%7D%2C%7B%22text_field%22%3A%22AVAC%22%2C%22text_field_color%22%3A%22%23272727%22%2C%22text_field_background%22%3A%22%23ffffff%22%7D%2C%7B%22text_field%22%3A%22Hidr%C3%A1ulica%22%2C%22text_field_color%22%3A%22%23272727%22%2C%22text_field_background%22%3A%22%23ffffff%22%7D%2C%7B%22text_field%22%3A%22Energia%20Renov%C3%A1veis%22%2C%22text_field_color%22%3A%22%23272727%22%2C%22text_field_background%22%3A%22%23ffffff%22%7D%2C%7B%22text_field%22%3A%22Dom%C3%B3tica%22%2C%22text_field_color%22%3A%22%23272727%22%2C%22text_field_background%22%3A%22%23ffffff%22%7D%2C%7B%22text_field%22%3A%22Trading%22%2C%22text_field_color%22%3A%22%23272727%22%2C%22text_field_background%22%3A%22%23ffffff%22%7D%2C%7B%22text_field%22%3A%22Manuten%C3%A7%C3%A3o%22%2C%22text_field_color%22%3A%22%23272727%22%2C%22text_field_background%22%3A%22%23ffffff%22%7D%2C%7B%22text_field%22%3A%22Seguran%C3%A7a%22%2C%22text_field_color%22%3A%22%23272727%22%2C%22text_field_background%22%3A%22%23ffffff%22%7D%5D&#8221; postfix=&#8221;&#8221; el_class=&#8221;textanimate&#8221; prefix_color=&#8221;#ffffff&#8221; postfix_color=&#8221;#ffffff&#8221;][\/vc_column][vc_column width=&#8221;1\/2&#8243;][\/vc_column][\/vc_row][vc_row anchor=&#8221;construcao&#8221; dfd_bg_style=&#8221;image&#8221; dfd_bg_image_new=&#8221;7782&#8243; dfd_bg_image_repeat=&#8221;no-repeat&#8221; dfd_enable_overlay=&#8221;yes&#8221; dfd_overlay_color=&#8221;#000000&#8243; dfd_overlay_pattern_opacity=&#8221;20&#8243;][vc_column width=&#8221;1\/2&#8243;][dfd_heading subtitle=&#8221;&#8221; content_alignment=&#8221;text-left&#8221; module_animation=&#8221;transition.slideLeftBigIn&#8221; enable_delimiter=&#8221;&#8221; undefined=&#8221;&#8221; title_font_options=&#8221;tag:h2|color:%23ffffff&#8221; subtitle_font_options=&#8221;tag:div|color:%23ffffff&#8221;]Constru\u00e7\u00e3o<br \/>\n<em class=\"dfd-textmodule-featured-decoration\">Constru\u00e7\u00e3o civil<br \/>\nObras p\u00fablicas<\/em>[\/dfd_heading][dfd_spacer screen_wide_spacer_size=&#8221;20&#8243; screen_normal_resolution=&#8221;1024&#8243; screen_tablet_resolution=&#8221;800&#8243; screen_mobile_resolution=&#8221;480&#8243;][vc_column_text item_animation=&#8221;transition.slideLeftBigIn&#8221;]<span style=\"color: #ffffff;\">Somos uma empresa com mais de 20 anos de experi\u00eancia nas diversas \u00e1reas da constru\u00e7\u00e3o civil e obras p\u00fablicas, em que acompanhamos as exig\u00eancias do mercado apostando na competitividade.<\/span>[\/vc_column_text][\/vc_column][vc_column width=&#8221;1\/2&#8243;][\/vc_column][\/vc_row][vc_row anchor=&#8221;infrae&#8221; dfd_bg_style=&#8221;image&#8221; dfd_bg_image_new=&#8221;8039&#8243; dfd_bg_image_repeat=&#8221;no-repeat&#8221; dfd_bg_image_position=&#8221;center center&#8221; dfd_enable_overlay=&#8221;yes&#8221; dfd_overlay_color=&#8221;#000000&#8243; dfd_overlay_pattern_opacity=&#8221;30&#8243;][vc_column width=&#8221;2\/3&#8243;][dfd_heading subtitle=&#8221;&#8221; content_alignment=&#8221;text-left&#8221; module_animation=&#8221;transition.slideLeftBigIn&#8221; enable_delimiter=&#8221;&#8221; undefined=&#8221;&#8221; title_font_options=&#8221;tag:h2|color:%23ffffff&#8221; subtitle_font_options=&#8221;tag:div|color:%23ffffff&#8221;]Infraestruturas[\/dfd_heading][dfd_spacer screen_wide_spacer_size=&#8221;20&#8243; screen_normal_resolution=&#8221;1024&#8243; screen_tablet_resolution=&#8221;800&#8243; screen_mobile_resolution=&#8221;480&#8243;][vc_column_text item_animation=&#8221;transition.slideLeftBigIn&#8221;]<span style=\"color: #ffffff;\">A mobilidade sustent\u00e1vel \u00e9 um requisito fundamental para o desenvolvimento urbano. Assim, somos capazes de oferecer uma ampla gama de solu\u00e7\u00f5es de mobilidade integradas de transporte urbano, transporte interurbano e log\u00edstica.<\/span>[\/vc_column_text][\/vc_column][vc_column width=&#8221;1\/3&#8243;][\/vc_column][\/vc_row][vc_row anchor=&#8221;Eletricidade&#8221; dfd_bg_style=&#8221;image&#8221; dfd_bg_image_new=&#8221;7767&#8243; dfd_bg_image_repeat=&#8221;no-repeat&#8221; dfd_enable_overlay=&#8221;yes&#8221; dfd_overlay_color=&#8221;#0a0a0a&#8221; dfd_overlay_pattern_opacity=&#8221;25&#8243;][vc_column width=&#8221;1\/2&#8243;][dfd_heading subtitle=&#8221;&#8221; content_alignment=&#8221;text-left&#8221; module_animation=&#8221;transition.slideLeftBigIn&#8221; enable_delimiter=&#8221;&#8221; undefined=&#8221;&#8221; title_font_options=&#8221;tag:h2|color:%23ffffff&#8221; subtitle_font_options=&#8221;tag:div|color:%23ffffff&#8221;]Eletricidade<br \/>\n<em class=\"dfd-textmodule-featured-decoration\">Instala\u00e7\u00f5es el\u00e9tricas<br \/>\nBaixa tens\u00e3o<br \/>\nM\u00e9dia tens\u00e3o<\/em>[\/dfd_heading][dfd_spacer screen_wide_spacer_size=&#8221;20&#8243; screen_normal_resolution=&#8221;1024&#8243; screen_tablet_resolution=&#8221;800&#8243; screen_mobile_resolution=&#8221;480&#8243;][vc_column_text item_animation=&#8221;transition.slideLeftBigIn&#8221;]<span style=\"color: #ffffff;\">Disponibilizamos instalac\u0327o\u0303es de baixa e me\u0301dia tensa\u0303o e automac\u0327a\u0303o industrial. Analisamos a qualidade de energia em todas as superfi\u0301cies que tenham uma grande utilizac\u0327a\u0303o de ma\u0301quinas ele\u0301tricas, iluminac\u0327a\u0303o do tipo industrial entre variadi\u0301ssimos equipamentos ele\u0301tricos.<\/span>[\/vc_column_text][\/vc_column][vc_column width=&#8221;1\/2&#8243;][\/vc_column][\/vc_row][vc_row anchor=&#8221;AVAC&#8221; dfd_bg_style=&#8221;image&#8221; dfd_bg_image_new=&#8221;7733&#8243; dfd_bg_image_repeat=&#8221;no-repeat&#8221; dfd_enable_overlay=&#8221;yes&#8221; dfd_overlay_color=&#8221;#000000&#8243; dfd_overlay_pattern_opacity=&#8221;40&#8243;][vc_column width=&#8221;1\/2&#8243;][dfd_heading subtitle=&#8221;&#8221; content_alignment=&#8221;text-left&#8221; module_animation=&#8221;transition.slideLeftBigIn&#8221; enable_delimiter=&#8221;&#8221; undefined=&#8221;&#8221; title_font_options=&#8221;tag:h2|color:%23ffffff&#8221; subtitle_font_options=&#8221;tag:div|color:%23ffffff&#8221;]AVAC<br \/>\n<em class=\"dfd-textmodule-featured-decoration\">Sistemas de Aquecimento<br \/>\nVentila\u00e7\u00e3o<br \/>\nAr Condicionado <\/em>[\/dfd_heading][dfd_spacer screen_wide_spacer_size=&#8221;20&#8243; screen_normal_resolution=&#8221;1024&#8243; screen_tablet_resolution=&#8221;800&#8243; screen_mobile_resolution=&#8221;480&#8243;][vc_column_text item_animation=&#8221;transition.slideLeftBigIn&#8221;]<span style=\"color: #ffffff;\">Sistemas de Aquecimento, ventila\u00e7\u00e3o e Ar Condicionado que permitem controlar os valores m\u00e1ximos e m\u00ednimos da temperatura e da humidade relativa bem como a qualidade do ar interior. Os sistemas podem ser de diversos tipos, usar a \u00e1gua ou o ar como fluido secund\u00e1rio e usar diferentes fluidos t\u00e9rmicos ou refrigerantes prim\u00e1rios.<\/span>[\/vc_column_text][\/vc_column][vc_column width=&#8221;1\/2&#8243;][\/vc_column][\/vc_row][vc_row anchor=&#8221;Hidraulica&#8221; dfd_bg_style=&#8221;image&#8221; dfd_bg_image_new=&#8221;7737&#8243; dfd_bg_image_repeat=&#8221;no-repeat&#8221; dfd_enable_overlay=&#8221;yes&#8221; dfd_overlay_color=&#8221;#0a0a0a&#8221; dfd_overlay_pattern_opacity=&#8221;40&#8243;][vc_column width=&#8221;1\/2&#8243;][dfd_heading subtitle=&#8221;&#8221; content_alignment=&#8221;text-left&#8221; module_animation=&#8221;transition.slideLeftBigIn&#8221; enable_delimiter=&#8221;&#8221; undefined=&#8221;&#8221; title_font_options=&#8221;tag:h2|color:%23ffffff&#8221; subtitle_font_options=&#8221;tag:div|color:%23ffffff&#8221;]Hidr\u00e1ulica<br \/>\n<em class=\"dfd-textmodule-featured-decoration\">Redes Inc\u00eandio<br \/>\nBombas de abastecimento de \u00e1gua<br \/>\nRedes de \u00e1gua e de esgotos<\/em>[\/dfd_heading][dfd_spacer screen_wide_spacer_size=&#8221;20&#8243; screen_normal_resolution=&#8221;1024&#8243; screen_tablet_resolution=&#8221;800&#8243; screen_mobile_resolution=&#8221;480&#8243;][vc_column_text item_animation=&#8221;transition.slideLeftBigIn&#8221;]<span style=\"color: #ffffff;\">Redes de \u00e1gua e de esgotos; Artigos sanit\u00e1rios; Redes Inc\u00eandio, G\u00e1s natural e propano; Aplica\u00e7\u00e3o de isolamento em coberturas; Aspira\u00e7\u00e3o e Aquecimento central; Sistemas de rega autom\u00e1ticos; Tratamento de \u00e1guas sanit\u00e1rias e residuais; Bombas abastecimento, drenagens e inc\u00eandio; Piscinas, Sauna, banho turco e jacuzzi; Ar condicionado e Ventila\u00e7\u00f5es mec\u00e2nicas.<\/span>[\/vc_column_text][\/vc_column][vc_column width=&#8221;1\/2&#8243;][\/vc_column][\/vc_row][vc_row anchor=&#8221;Energia-Renovaveis&#8221; dfd_bg_style=&#8221;image&#8221; dfd_bg_image_new=&#8221;7741&#8243; dfd_bg_image_repeat=&#8221;no-repeat&#8221; dfd_enable_overlay=&#8221;yes&#8221; dfd_overlay_color=&#8221;#000000&#8243; dfd_overlay_pattern_opacity=&#8221;20&#8243;][vc_column width=&#8221;1\/2&#8243;][dfd_heading subtitle=&#8221;&#8221; content_alignment=&#8221;text-left&#8221; module_animation=&#8221;transition.slideLeftBigIn&#8221; enable_delimiter=&#8221;&#8221; undefined=&#8221;&#8221; title_font_options=&#8221;tag:h2|color:%23ffffff&#8221; subtitle_font_options=&#8221;tag:div|color:%23ffffff&#8221;]Energia Renov\u00e1veis<br \/>\n<em class=\"dfd-textmodule-featured-decoration\">Pain\u00e9is Solares<br \/>\nEnergia E\u00f3lica<\/em>[\/dfd_heading][dfd_spacer screen_wide_spacer_size=&#8221;20&#8243; screen_normal_resolution=&#8221;1024&#8243; screen_tablet_resolution=&#8221;800&#8243; screen_mobile_resolution=&#8221;480&#8243;][vc_column_text item_animation=&#8221;transition.slideLeftBigIn&#8221;]<span style=\"color: #ffffff;\">Somos responsa\u0301veis pela comercializac\u0327a\u0303o e instalac\u0327a\u0303o de equipamentos de suporte a\u0300s energias renova\u0301veis, como eo\u0301licas, paine\u0301is solares, entre outros.<\/span>[\/vc_column_text][\/vc_column][vc_column width=&#8221;1\/2&#8243;][\/vc_column][\/vc_row][vc_row anchor=&#8221;Domotica&#8221; dfd_bg_style=&#8221;image&#8221; dfd_bg_image_new=&#8221;7762&#8243; dfd_bg_image_repeat=&#8221;no-repeat&#8221; dfd_enable_overlay=&#8221;yes&#8221; dfd_overlay_color=&#8221;#000000&#8243; dfd_overlay_pattern_opacity=&#8221;10&#8243;][vc_column width=&#8221;1\/2&#8243;][dfd_heading subtitle=&#8221;&#8221; content_alignment=&#8221;text-left&#8221; module_animation=&#8221;transition.slideLeftBigIn&#8221; enable_delimiter=&#8221;&#8221; undefined=&#8221;&#8221; title_font_options=&#8221;tag:h2|color:%23ffffff&#8221; subtitle_font_options=&#8221;tag:div|color:%23ffffff&#8221;]Dom\u00f3tica[\/dfd_heading][dfd_spacer screen_wide_spacer_size=&#8221;20&#8243; screen_normal_resolution=&#8221;1024&#8243; screen_tablet_resolution=&#8221;800&#8243; screen_mobile_resolution=&#8221;480&#8243;][vc_column_text item_animation=&#8221;transition.slideLeftBigIn&#8221;]<span style=\"color: #ffffff;\">A Domo\u0301tica tem o objetivo de simplificar o seu dia a dia, fazendo com que as tarefas mais rotineiras e aborrecidas sejam executadas automaticamente. Disponibilizamos, ainda, a tecnologia necessa\u0301ria para instalac\u0327a\u0303o de Home Cinema.<\/span>[\/vc_column_text][\/vc_column][vc_column width=&#8221;1\/2&#8243;][\/vc_column][\/vc_row][vc_row anchor=&#8221;Trading&#8221; dfd_bg_style=&#8221;image&#8221; dfd_bg_image_new=&#8221;7786&#8243; dfd_bg_image_repeat=&#8221;no-repeat&#8221; dfd_enable_overlay=&#8221;yes&#8221; dfd_overlay_color=&#8221;#000000&#8243; dfd_overlay_pattern_opacity=&#8221;45&#8243;][vc_column width=&#8221;1\/2&#8243;][dfd_heading subtitle=&#8221;&#8221; content_alignment=&#8221;text-left&#8221; module_animation=&#8221;transition.slideLeftBigIn&#8221; enable_delimiter=&#8221;&#8221; undefined=&#8221;&#8221; title_font_options=&#8221;tag:h2|color:%23ffffff&#8221; subtitle_font_options=&#8221;tag:div|color:%23ffffff&#8221;]Trading<br \/>\n<em class=\"dfd-textmodule-featured-decoration\">Import &#8211; Export<\/em>[\/dfd_heading][dfd_spacer screen_wide_spacer_size=&#8221;20&#8243; screen_normal_resolution=&#8221;1024&#8243; screen_tablet_resolution=&#8221;800&#8243; screen_mobile_resolution=&#8221;480&#8243;][vc_column_text item_animation=&#8221;transition.slideLeftBigIn&#8221;]<span style=\"color: #ffffff;\">As necessidades de crescimento e a rapidez de resposta aos requisitos dos mercados imp\u00f5e uma pol\u00edtica de controlo das compras e vendas para os nossos clientes afim de garantir e facilitar o melhor servi\u00e7o poss\u00edvel em mercados onde as regras e o funcionamento variam de pa\u00eds para pa\u00eds.<\/span><\/p>\n<p><span style=\"color: #ffffff;\">Foi nesse sentido que a CDH desenvolveu esta atividade com o objetivo de garantir a presta\u00e7\u00e3o de servi\u00e7o desde a consulta inicial de pre\u00e7o, at\u00e9 \u00e0 entrega final do produto no destino.<\/span>[\/vc_column_text][\/vc_column][vc_column width=&#8221;1\/2&#8243;][\/vc_column][\/vc_row][vc_row anchor=&#8221;Manutencao&#8221; dfd_bg_style=&#8221;image&#8221; dfd_bg_image_new=&#8221;7773&#8243; dfd_bg_image_repeat=&#8221;no-repeat&#8221; dfd_enable_overlay=&#8221;yes&#8221; dfd_overlay_color=&#8221;#0a0a0a&#8221; dfd_overlay_pattern_opacity=&#8221;30&#8243;][vc_column width=&#8221;1\/2&#8243;][dfd_heading subtitle=&#8221;&#8221; content_alignment=&#8221;text-left&#8221; module_animation=&#8221;transition.slideLeftBigIn&#8221; enable_delimiter=&#8221;&#8221; undefined=&#8221;&#8221; title_font_options=&#8221;tag:h2|color:%23ffffff&#8221; subtitle_font_options=&#8221;tag:div|color:%23ffffff&#8221;]Manuten\u00e7\u00e3o<br \/>\n<em class=\"dfd-textmodule-featured-decoration\">DG Tool<\/em>[\/dfd_heading][dfd_spacer screen_wide_spacer_size=&#8221;20&#8243; screen_normal_resolution=&#8221;1024&#8243; screen_tablet_resolution=&#8221;800&#8243; screen_mobile_resolution=&#8221;480&#8243;][vc_column_text item_animation=&#8221;transition.slideLeftBigIn&#8221;]<span style=\"color: #ffffff;\">A DG Tool \u00e9 um departamento que opera transversalmente na \u00e1rea da manuten\u00e7\u00e3o em todas as empresas do Grupo DG. O conceito por detr\u00e1s da cria\u00e7\u00e3o deste departamento \u00e9 assegurar a manuten\u00e7\u00e3o preventiva e corretiva de edif\u00edcios nas 3 \u00e1reas de atua\u00e7\u00e3o do Grupo (AVAC, Hidr\u00e1ulica e Eletricidade). Este departamento fornece um conjunto de servi\u00e7os p\u00f3s venda com o objetivo de manter o bom funcionamento das instala\u00e7\u00f5es realizadas e a respetiva continuidade da satisfa\u00e7\u00e3o dos clientes.<\/span><\/p>\n<p><span style=\"color: #ffffff;\">A gest\u00e3o administrativa, comercial e financeira da empresa \u00e9 assegurada pela Holding onde a capacidade e o profissionalismo t\u00eam provas dadas ao longo dos \u00faltimos anos. Quanto \u00e0 gest\u00e3o t\u00e9cnica e produtiva s\u00e3o asseguradas pela produ\u00e7\u00e3o das empresas locais do Grupo DG, cujos procedimentos de manuten\u00e7\u00e3o s\u00e3o efetuados por t\u00e9cnicos habilitados e formados pelas marcas.<\/span>[\/vc_column_text][\/vc_column][vc_column width=&#8221;1\/2&#8243;][\/vc_column][\/vc_row][vc_row anchor=&#8221;Seguranca&#8221; dfd_bg_style=&#8221;image&#8221; dfd_bg_image_new=&#8221;7757&#8243; dfd_bg_image_repeat=&#8221;no-repeat&#8221; dfd_bg_image_position=&#8221;center center&#8221; dfd_enable_overlay=&#8221;yes&#8221; dfd_overlay_color=&#8221;#000000&#8243; dfd_overlay_pattern_opacity=&#8221;20&#8243;][vc_column width=&#8221;1\/2&#8243;][dfd_heading subtitle=&#8221;&#8221; content_alignment=&#8221;text-left&#8221; module_animation=&#8221;transition.slideLeftBigIn&#8221; enable_delimiter=&#8221;&#8221; undefined=&#8221;&#8221; title_font_options=&#8221;tag:h2|color:%23ffffff&#8221; subtitle_font_options=&#8221;tag:div|color:%23ffffff&#8221;]Seguran\u00e7a<br \/>\n<em class=\"dfd-textmodule-featured-decoration\">CCTV<\/em>[\/dfd_heading][dfd_spacer screen_wide_spacer_size=&#8221;20&#8243; screen_normal_resolution=&#8221;1024&#8243; screen_tablet_resolution=&#8221;800&#8243; screen_mobile_resolution=&#8221;480&#8243;][vc_column_text item_animation=&#8221;transition.slideLeftBigIn&#8221;]<span style=\"color: #ffffff;\">Proporcionamos a comercializac\u0327a\u0303o e instalac\u0327a\u0303o de Circuitos Fechados de Televisa\u0303o, enquanto suportes da seguranc\u0327a: um requisito obrigato\u0301rio para o conforto.<\/span>[\/vc_column_text][\/vc_column][vc_column width=&#8221;1\/2&#8243;][\/vc_column][\/vc_row]<\/p>\n<\/div>","protected":false},"excerpt":{"rendered":"<p>[vc_row anchor=&#8221;intro&#8221; dfd_bg_style=&#8221;image&#8221; dfd_bg_image_new=&#8221;697&#8243; dfd_bg_image_repeat=&#8221;no-repeat&#8221;][vc_column width=&#8221;1\/2&#8243; css=&#8221;.vc_custom_1499247367505{padding-right: 2% !important;padding-left: 2% !important;}&#8221; col_shadow=&#8221;box_shadow_enable:disable|shadow_horizontal:0|shadow_vertical:15|shadow_blur:50|shadow_spread:0|box_shadow_color:rgba(0%2C0%2C0%2C0.35)&#8221; col_shadow_hover=&#8221;box_shadow_enable:disable|shadow_horizontal:0|shadow_vertical:15|shadow_blur:50|shadow_spread:0|box_shadow_color:rgba(0%2C0%2C0%2C0.35)&#8221;][dfd_heading subtitle=&#8221;&#8221; content_alignment=&#8221;text-left&#8221; module_animation=&#8221;transition.slideLeftBigIn&#8221; enable_delimiter=&#8221;&#8221; undefined=&#8221;&#8221; title_font_options=&#8221;tag:h2|color:%23ffffff&#8221; subtitle_font_options=&#8221;tag:div|color:%23ffffff&#8221;]Desenhamos, desenvolvemos e instalamos Servi\u00e7os Integrados[\/dfd_heading][dfd_spacer screen_wide_spacer_size=&#8221;20&#8243; screen_normal_resolution=&#8221;1024&#8243; screen_tablet_resolution=&#8221;800&#8243; screen_mobile_resolution=&#8221;480&#8243;][dfd_animated_text style=&#8221;typed&#8221;<\/p>\n","protected":false},"author":1,"featured_media":0,"parent":0,"menu_order":0,"comment_status":"closed","ping_status":"closed","template":"tmp-one-page-scroll.php","meta":{"_acf_changed":false,"inline_featured_image":false,"footnotes":""},"yst_prominent_words":[309,68,62,79,82,76,66,83,307,70,48,80,75,74,73,64,60,81,124,308],"acf":[],"_links":{"self":[{"href":"https:\/\/www.grupodg.pt\/pt-pt\/wp-json\/wp\/v2\/pages\/1337"}],"collection":[{"href":"https:\/\/www.grupodg.pt\/pt-pt\/wp-json\/wp\/v2\/pages"}],"about":[{"href":"https:\/\/www.grupodg.pt\/pt-pt\/wp-json\/wp\/v2\/types\/page"}],"author":[{"embeddable":true,"href":"https:\/\/www.grupodg.pt\/pt-pt\/wp-json\/wp\/v2\/users\/1"}],"replies":[{"embeddable":true,"href":"https:\/\/www.grupodg.pt\/pt-pt\/wp-json\/wp\/v2\/comments?post=1337"}],"version-history":[{"count":16,"href":"https:\/\/www.grupodg.pt\/pt-pt\/wp-json\/wp\/v2\/pages\/1337\/revisions"}],"predecessor-version":[{"id":8080,"href":"https:\/\/www.grupodg.pt\/pt-pt\/wp-json\/wp\/v2\/pages\/1337\/revisions\/8080"}],"wp:attachment":[{"href":"https:\/\/www.grupodg.pt\/pt-pt\/wp-json\/wp\/v2\/media?parent=1337"}],"wp:term":[{"taxonomy":"yst_prominent_words","embeddable":true,"href":"https:\/\/www.grupodg.pt\/pt-pt\/wp-json\/wp\/v2\/yst_prominent_words?post=1337"}],"curies":[{"name":"wp","href":"https:\/\/api.w.org\/{rel}","templated":true}]}}