{"id":7582,"date":"2023-12-05T09:46:07","date_gmt":"2023-12-05T09:46:07","guid":{"rendered":"https:\/\/www.grupodg.pt\/?page_id=7582"},"modified":"2024-04-29T13:18:47","modified_gmt":"2024-04-29T13:18:47","slug":"formulario-denuncias","status":"publish","type":"page","link":"https:\/\/www.grupodg.pt\/pt-pt\/canal-denuncias-2\/formulario-denuncias","title":{"rendered":"Formul\u00e1rio de den\u00fancias"},"content":{"rendered":"<div class=\"wpb-content-wrapper\"><p>[vc_row anchor=&#8221;ceo&#8221;][vc_column][dfd_spacer screen_wide_spacer_size=&#8221;80&#8243; screen_normal_resolution=&#8221;1280&#8243; screen_tablet_resolution=&#8221;1024&#8243; screen_mobile_resolution=&#8221;800&#8243; screen_normal_spacer_size=&#8221;80&#8243; screen_tablet_spacer_size=&#8221;70&#8243; screen_mobile_spacer_size=&#8221;60&#8243;][\/vc_column][\/vc_row][vc_row anchor=&#8221;ceo&#8221;][vc_column]\n<div class=\"wpcf7 no-js\" id=\"wpcf7-f8093-o1\" lang=\"pt-PT\" dir=\"ltr\">\n<div class=\"screen-reader-response\"><p role=\"status\" aria-live=\"polite\" aria-atomic=\"true\"><\/p> <ul><\/ul><\/div>\n<form action=\"\/pt-pt\/wp-json\/wp\/v2\/pages\/7582#wpcf7-f8093-o1\" method=\"post\" class=\"wpcf7-form init\" aria-label=\"Formul\u00e1rio de contacto\" enctype=\"multipart\/form-data\" novalidate=\"novalidate\" data-status=\"init\">\n<div style=\"display: none;\">\n<input type=\"hidden\" name=\"_wpcf7\" value=\"8093\" \/>\n<input type=\"hidden\" name=\"_wpcf7_version\" value=\"5.9.8\" \/>\n<input type=\"hidden\" name=\"_wpcf7_locale\" value=\"pt_PT\" \/>\n<input type=\"hidden\" name=\"_wpcf7_unit_tag\" value=\"wpcf7-f8093-o1\" \/>\n<input type=\"hidden\" name=\"_wpcf7_container_post\" value=\"0\" \/>\n<input type=\"hidden\" name=\"_wpcf7_posted_data_hash\" value=\"\" \/>\n<\/div>\n<p><label> \u00c2mbito da participa\u00e7\u00e3o<br \/>\n<span class=\"wpcf7-form-control-wrap\" data-name=\"menu-656\"><select class=\"wpcf7-form-control wpcf7-select wpcf7-validates-as-required\" aria-required=\"true\" aria-invalid=\"false\" name=\"menu-656\"><option value=\"Direitos humanos e responsabilidade social\">Direitos humanos e responsabilidade social<\/option><option value=\"Meio ambiente\">Meio ambiente<\/option><option value=\"Pr\u00e1ticas de mercado\">Pr\u00e1ticas de mercado<\/option><option value=\"Preven\u00e7\u00e3o de corrup\u00e7\u00e3o\">Preven\u00e7\u00e3o de corrup\u00e7\u00e3o<\/option><option value=\"Outras\">Outras<\/option><\/select><\/span> <\/label>\n<\/p>\n<p><label> Nome<br \/>\n<span class=\"wpcf7-form-control-wrap\" data-name=\"your-name\"><input size=\"40\" maxlength=\"400\" class=\"wpcf7-form-control wpcf7-text wpcf7-validates-as-required\" aria-required=\"true\" aria-invalid=\"false\" value=\"\" type=\"text\" name=\"your-name\" \/><\/span> <\/label>\n<\/p>\n<div class=\"row\" style=\"width:100%;\">\n\t<div class=\"column\" style=\"width:50%;\">\n\t\t<p><label> Email<br \/>\n<span class=\"wpcf7-form-control-wrap\" data-name=\"your-email\"><input size=\"40\" maxlength=\"400\" class=\"wpcf7-form-control wpcf7-email wpcf7-validates-as-required wpcf7-text wpcf7-validates-as-email\" aria-required=\"true\" aria-invalid=\"false\" value=\"\" type=\"email\" name=\"your-email\" \/><\/span> <\/label>\n\t\t<\/p>\n\t<\/div>\n\t<div class=\"column\" style=\"width:50%;\">\n\t\t<p><label> Telem\u00f3vel<br \/>\n<span class=\"wpcf7-form-control-wrap\" data-name=\"tel-590\"><input size=\"40\" maxlength=\"400\" class=\"wpcf7-form-control wpcf7-tel wpcf7-text wpcf7-validates-as-tel\" aria-invalid=\"false\" value=\"\" type=\"tel\" name=\"tel-590\" \/><\/span> <\/label>\n\t\t<\/p>\n\t<\/div>\n<\/div>\n<p><label> Descri\u00e7\u00e3o (opcional)<br \/>\n<span class=\"wpcf7-form-control-wrap\" data-name=\"your-message\"><textarea cols=\"40\" rows=\"10\" maxlength=\"2000\" class=\"wpcf7-form-control wpcf7-textarea wpcf7-validates-as-required\" aria-required=\"true\" aria-invalid=\"false\" name=\"your-message\"><\/textarea><\/span> <\/label><br \/>\n<span class=\"wpcf7-form-control-wrap\" data-name=\"file-633\"><input size=\"40\" class=\"wpcf7-form-control wpcf7-file\" accept=\".pdf,.png,.jpg\" aria-invalid=\"false\" type=\"file\" name=\"file-633\" \/><\/span>\n<\/p>\n<p><input class=\"wpcf7-form-control wpcf7-submit has-spinner\" type=\"submit\" value=\"Submeter Den\u00fancia\" \/>\n<\/p><div class=\"wpcf7-response-output\" aria-hidden=\"true\"><\/div>\n<\/form>\n<\/div>\n[\/vc_column][\/vc_row][vc_row anchor=&#8221;ceo&#8221;][vc_column][dfd_spacer screen_wide_spacer_size=&#8221;105&#8243; screen_normal_resolution=&#8221;1280&#8243; screen_tablet_resolution=&#8221;1024&#8243; screen_mobile_resolution=&#8221;800&#8243; screen_normal_spacer_size=&#8221;105&#8243; screen_tablet_spacer_size=&#8221;100&#8243; screen_mobile_spacer_size=&#8221;90&#8243;][\/vc_column][\/vc_row]<\/p>\n<\/div>","protected":false},"excerpt":{"rendered":"<p>[vc_row anchor=&#8221;ceo&#8221;][vc_column][dfd_spacer screen_wide_spacer_size=&#8221;80&#8243; screen_normal_resolution=&#8221;1280&#8243; screen_tablet_resolution=&#8221;1024&#8243; screen_mobile_resolution=&#8221;800&#8243; screen_normal_spacer_size=&#8221;80&#8243; screen_tablet_spacer_size=&#8221;70&#8243; screen_mobile_spacer_size=&#8221;60&#8243;][\/vc_column][\/vc_row][vc_row anchor=&#8221;ceo&#8221;][vc_column][\/vc_column][\/vc_row][vc_row anchor=&#8221;ceo&#8221;][vc_column][dfd_spacer screen_wide_spacer_size=&#8221;105&#8243; screen_normal_resolution=&#8221;1280&#8243; screen_tablet_resolution=&#8221;1024&#8243; screen_mobile_resolution=&#8221;800&#8243; screen_normal_spacer_size=&#8221;105&#8243; screen_tablet_spacer_size=&#8221;100&#8243; screen_mobile_spacer_size=&#8221;90&#8243;][\/vc_column][\/vc_row]<\/p>\n","protected":false},"author":1,"featured_media":0,"parent":7603,"menu_order":0,"comment_status":"closed","ping_status":"closed","template":"tmp-page.php","meta":{"_acf_changed":false,"inline_featured_image":false,"footnotes":""},"yst_prominent_words":[33,25,273,112,258,255,276,274,268,267,75,278,270,253,275,110,61,57,277,259],"acf":[],"_links":{"self":[{"href":"https:\/\/www.grupodg.pt\/pt-pt\/wp-json\/wp\/v2\/pages\/7582"}],"collection":[{"href":"https:\/\/www.grupodg.pt\/pt-pt\/wp-json\/wp\/v2\/pages"}],"about":[{"href":"https:\/\/www.grupodg.pt\/pt-pt\/wp-json\/wp\/v2\/types\/page"}],"author":[{"embeddable":true,"href":"https:\/\/www.grupodg.pt\/pt-pt\/wp-json\/wp\/v2\/users\/1"}],"replies":[{"embeddable":true,"href":"https:\/\/www.grupodg.pt\/pt-pt\/wp-json\/wp\/v2\/comments?post=7582"}],"version-history":[{"count":33,"href":"https:\/\/www.grupodg.pt\/pt-pt\/wp-json\/wp\/v2\/pages\/7582\/revisions"}],"predecessor-version":[{"id":8100,"href":"https:\/\/www.grupodg.pt\/pt-pt\/wp-json\/wp\/v2\/pages\/7582\/revisions\/8100"}],"up":[{"embeddable":true,"href":"https:\/\/www.grupodg.pt\/pt-pt\/wp-json\/wp\/v2\/pages\/7603"}],"wp:attachment":[{"href":"https:\/\/www.grupodg.pt\/pt-pt\/wp-json\/wp\/v2\/media?parent=7582"}],"wp:term":[{"taxonomy":"yst_prominent_words","embeddable":true,"href":"https:\/\/www.grupodg.pt\/pt-pt\/wp-json\/wp\/v2\/yst_prominent_words?post=7582"}],"curies":[{"name":"wp","href":"https:\/\/api.w.org\/{rel}","templated":true}]}}