{"id":7603,"date":"2023-12-05T10:17:23","date_gmt":"2023-12-05T10:17:23","guid":{"rendered":"https:\/\/www.grupodg.pt\/?page_id=7603"},"modified":"2023-12-05T11:55:03","modified_gmt":"2023-12-05T11:55:03","slug":"canal-denuncias-2","status":"publish","type":"page","link":"https:\/\/www.grupodg.pt\/pt-pt\/canal-denuncias-2","title":{"rendered":"Canal de Denuncias"},"content":{"rendered":"<div class=\"wpb-content-wrapper\"><p>[vc_row anchor=&#8221;intro&#8221; dfd_bg_style=&#8221;image&#8221; dfd_bg_image_new=&#8221;1750&#8243; dfd_bg_image_repeat=&#8221;no-repeat&#8221; dfd_enable_overlay=&#8221;yes&#8221; dfd_overlay_color=&#8221;#0a0a0a&#8221;][vc_column css=&#8221;.vc_custom_1499247367505{padding-right: 2% !important;padding-left: 2% !important;}&#8221; col_shadow=&#8221;box_shadow_enable:disable|shadow_horizontal:0|shadow_vertical:15|shadow_blur:50|shadow_spread:0|box_shadow_color:rgba(0%2C0%2C0%2C0.35)&#8221; col_shadow_hover=&#8221;box_shadow_enable:disable|shadow_horizontal:0|shadow_vertical:15|shadow_blur:50|shadow_spread:0|box_shadow_color:rgba(0%2C0%2C0%2C0.35)&#8221;][dfd_heading subtitle=&#8221;&#8221; content_alignment=&#8221;text-left&#8221; module_animation=&#8221;transition.slideLeftBigIn&#8221; enable_delimiter=&#8221;&#8221; undefined=&#8221;&#8221; title_font_options=&#8221;tag:h2|color:%23ffffff&#8221; subtitle_font_options=&#8221;tag:div|color:%23ffffff&#8221;]<em class=\"dfd-textmodule-featured-decoration\">Canal de <\/em>Den\u00fancias[\/dfd_heading][dfd_spacer screen_wide_spacer_size=&#8221;20&#8243; screen_normal_resolution=&#8221;1024&#8243; screen_tablet_resolution=&#8221;800&#8243; screen_mobile_resolution=&#8221;480&#8243;][vc_column_text item_animation=&#8221;transition.slideLeftBigIn&#8221;]<span style=\"color: #ffffff; font-size: 19px;\">Qualquer den\u00fancia relativa a pr\u00e1ticas indevidas, ou que ponham em causa os Direitos Humanos, a sustentabilidade do meio ambiente ou os direitos dos consumidores e das comunidades pode ser feita aqui.\u200b Os exemplos que indicamos n\u00e3o s\u00e3o exaustivos e servem somente para orienta\u00e7\u00e3o do denunciante.<br \/>\n<\/span><\/p>\n<p><span style=\"color: #ffffff; font-size: 18px;\">Ao clicar em \u201cSeguinte\u201d ser\u00e1 direcionado para o formul\u00e1rio de contacto.<\/span>[\/vc_column_text][dfd_spacer screen_wide_spacer_size=&#8221;20&#8243; screen_normal_resolution=&#8221;1024&#8243; screen_tablet_resolution=&#8221;800&#8243; screen_mobile_resolution=&#8221;480&#8243;][vc_column_text item_animation=&#8221;transition.slideLeftBigIn&#8221;]<span style=\"color: #ffffff;\">1. A den\u00fancia de pr\u00e1ticas indevidas, quando levada a cabo com not\u00f3ria falsidade ou de m\u00e1-f\u00e9, \u00e9 pass\u00edvel das medidas que ao caso couberem;<br \/>\n<\/span><span style=\"color: #ffffff;\">2. Garante-se a confidencialidade do autor da participa\u00e7\u00e3o e em caso algum ser\u00e1 tolerada qualquer repres\u00e1lia contra o mesmo;<br \/>\n<\/span><span style=\"color: #ffffff;\">3. O tratamento das den\u00fancias, reclama\u00e7\u00f5es ou queixas cabe \u00e0s \u00e1reas competentes, dentro da estrutura do GRUPO DG, de acordo com o tema reportado.<br \/>\n<\/span><span style=\"color: #ffffff;\">4. Ao submeter este formul\u00e1rio confirma que leu e aceita a Pol\u00edtica de Privacidade.<\/span>[\/vc_column_text][dfd_spacer screen_wide_spacer_size=&#8221;40&#8243; screen_normal_resolution=&#8221;1024&#8243; screen_tablet_resolution=&#8221;800&#8243; screen_mobile_resolution=&#8221;480&#8243;][dfd_link_style module_animation=&#8221;transition.slideLeftBigIn&#8221; link_content=&#8221;SEGUINTE&#8221; link_src=&#8221;url:https%3A%2F%2Fwww.grupodg.pt%2Fpt-pt%2Fcanal-denuncias-2%2Fformulario-denuncias&#8221; main_style=&#8221;style-6&#8243; el_class=&#8221;height&#8221; text_color=&#8221;#ffffff&#8221; text_hover_color=&#8221;#0032a0&#8243; line_color=&#8221;#ffffff&#8221; line_hover_color=&#8221;#0032a0&#8243; font_options=&#8221;tag:div&#8221;][\/vc_column][\/vc_row]<\/p>\n<\/div>","protected":false},"excerpt":{"rendered":"<p>[vc_row anchor=&#8221;intro&#8221; dfd_bg_style=&#8221;image&#8221; dfd_bg_image_new=&#8221;1750&#8243; dfd_bg_image_repeat=&#8221;no-repeat&#8221; dfd_enable_overlay=&#8221;yes&#8221; dfd_overlay_color=&#8221;#0a0a0a&#8221;][vc_column css=&#8221;.vc_custom_1499247367505{padding-right: 2% !important;padding-left: 2% !important;}&#8221; col_shadow=&#8221;box_shadow_enable:disable|shadow_horizontal:0|shadow_vertical:15|shadow_blur:50|shadow_spread:0|box_shadow_color:rgba(0%2C0%2C0%2C0.35)&#8221; col_shadow_hover=&#8221;box_shadow_enable:disable|shadow_horizontal:0|shadow_vertical:15|shadow_blur:50|shadow_spread:0|box_shadow_color:rgba(0%2C0%2C0%2C0.35)&#8221;][dfd_heading subtitle=&#8221;&#8221; content_alignment=&#8221;text-left&#8221; module_animation=&#8221;transition.slideLeftBigIn&#8221; enable_delimiter=&#8221;&#8221; undefined=&#8221;&#8221; title_font_options=&#8221;tag:h2|color:%23ffffff&#8221; subtitle_font_options=&#8221;tag:div|color:%23ffffff&#8221;]Canal de Den\u00fancias[\/dfd_heading][dfd_spacer screen_wide_spacer_size=&#8221;20&#8243; screen_normal_resolution=&#8221;1024&#8243; screen_tablet_resolution=&#8221;800&#8243; screen_mobile_resolution=&#8221;480&#8243;][vc_column_text item_animation=&#8221;transition.slideLeftBigIn&#8221;]Qualquer den\u00fancia relativa<\/p>\n","protected":false},"author":1,"featured_media":0,"parent":0,"menu_order":0,"comment_status":"closed","ping_status":"closed","template":"tmp-one-page-scroll.php","meta":{"_acf_changed":false,"inline_featured_image":false,"footnotes":""},"yst_prominent_words":[309,68,62,79,82,76,66,83,307,70,48,80,75,74,73,64,60,81,124,308],"acf":[],"_links":{"self":[{"href":"https:\/\/www.grupodg.pt\/pt-pt\/wp-json\/wp\/v2\/pages\/7603"}],"collection":[{"href":"https:\/\/www.grupodg.pt\/pt-pt\/wp-json\/wp\/v2\/pages"}],"about":[{"href":"https:\/\/www.grupodg.pt\/pt-pt\/wp-json\/wp\/v2\/types\/page"}],"author":[{"embeddable":true,"href":"https:\/\/www.grupodg.pt\/pt-pt\/wp-json\/wp\/v2\/users\/1"}],"replies":[{"embeddable":true,"href":"https:\/\/www.grupodg.pt\/pt-pt\/wp-json\/wp\/v2\/comments?post=7603"}],"version-history":[{"count":5,"href":"https:\/\/www.grupodg.pt\/pt-pt\/wp-json\/wp\/v2\/pages\/7603\/revisions"}],"predecessor-version":[{"id":7609,"href":"https:\/\/www.grupodg.pt\/pt-pt\/wp-json\/wp\/v2\/pages\/7603\/revisions\/7609"}],"wp:attachment":[{"href":"https:\/\/www.grupodg.pt\/pt-pt\/wp-json\/wp\/v2\/media?parent=7603"}],"wp:term":[{"taxonomy":"yst_prominent_words","embeddable":true,"href":"https:\/\/www.grupodg.pt\/pt-pt\/wp-json\/wp\/v2\/yst_prominent_words?post=7603"}],"curies":[{"name":"wp","href":"https:\/\/api.w.org\/{rel}","templated":true}]}}